{"id":613,"date":"2025-09-05T17:57:26","date_gmt":"2025-09-05T17:57:26","guid":{"rendered":"https:\/\/aswal.devbob.co\/?post_type=product&#038;p=613"},"modified":"2025-10-10T05:37:17","modified_gmt":"2025-10-10T05:37:17","slug":"verre-en-papier-blanc-22-oz","status":"publish","type":"product","link":"https:\/\/aswal.ca\/en\/product\/verre-en-papier-blanc-22-oz\/","title":{"rendered":"White 22 oz Paper Cup"},"content":{"rendered":"<p>Our 22 oz paper cup is the ultimate choice for serving the largest drink portions. Its maximum capacity makes it a must have for sporting events, festivals, and any business looking to offer large format beverages. Its sturdy construction and impressive size ensure worry free use, even with high volumes of liquid. This cup is the perfect option for satisfying customers who want a generous drink while delivering uncompromising quality and reliability.<\/p>","protected":false},"excerpt":{"rendered":"<p>The largest paper cup in our lineup perfect for the biggest thirsts, offering maximum capacity for cold beverages and soft drinks.<\/p>\n<ul>\n<li>Our largest size available.<\/li>\n<li>Ideal for cold beverages.<\/li>\n<li>Durable design for extra-large servings.<\/li>\n<\/ul>","protected":false},"featured_media":1936,"comment_status":"open","ping_status":"closed","template":"","meta":[],"product_brand":[],"product_cat":[68,70,66],"product_tag":[],"class_list":{"0":"post-613","1":"product","2":"type-product","3":"status-publish","4":"has-post-thumbnail","6":"product_cat-boisson-chaude","7":"product_cat-boisson-froid","8":"product_cat-verres-en-papier","10":"first","11":"instock","12":"shipping-taxable","13":"product-type-simple"},"yoast_head":"<!-- This site is optimized with the Yoast SEO plugin v25.9 - https:\/\/yoast.com\/wordpress\/plugins\/seo\/ -->\n<title>Verre en papier blanc 22 oz | ASWAL<\/title>\n<meta name=\"robots\" content=\"index, follow, max-snippet:-1, max-image-preview:large, max-video-preview:-1\" \/>\n<link rel=\"canonical\" href=\"https:\/\/aswal.ca\/en\/product\/verre-en-papier-blanc-22-oz\/\" \/>\n<meta property=\"og:locale\" content=\"en_US\" \/>\n<meta property=\"og:type\" content=\"article\" \/>\n<meta property=\"og:title\" content=\"Verre en papier blanc 22 oz | ASWAL\" \/>\n<meta property=\"og:description\" content=\"Le plus grand verre en papier de notre gamme, parfait pour les tr\u00e8s grandes soifs, offrant une capacit\u00e9 maximale pour les boissons froides et les sodas.   Le plus grand format disponible.  Id\u00e9al pour les boissons froides.  Design durable pour les portions extra-larges.\" \/>\n<meta property=\"og:url\" content=\"https:\/\/aswal.ca\/en\/product\/verre-en-papier-blanc-22-oz\/\" \/>\n<meta property=\"og:site_name\" content=\"ASWAL\" \/>\n<meta property=\"article:modified_time\" content=\"2025-10-10T05:37:17+00:00\" \/>\n<meta property=\"og:image\" content=\"https:\/\/aswal.ca\/wp-content\/uploads\/2025\/09\/22-oz-e1758649457724.png\" \/>\n\t<meta property=\"og:image:width\" content=\"940\" \/>\n\t<meta property=\"og:image:height\" content=\"940\" \/>\n\t<meta property=\"og:image:type\" content=\"image\/png\" \/>\n<meta name=\"twitter:card\" content=\"summary_large_image\" \/>\n<meta name=\"twitter:label1\" content=\"Est. reading time\" \/>\n\t<meta name=\"twitter:data1\" content=\"1 minute\" \/>\n<script type=\"application\/ld+json\" class=\"yoast-schema-graph\">{\"@context\":\"https:\/\/schema.org\",\"@graph\":[{\"@type\":\"WebPage\",\"@id\":\"https:\/\/aswal.ca\/product\/verre-en-papier-blanc-22-oz\/\",\"url\":\"https:\/\/aswal.ca\/product\/verre-en-papier-blanc-22-oz\/\",\"name\":\"Verre en papier blanc 22 oz | ASWAL\",\"isPartOf\":{\"@id\":\"https:\/\/aswal.ca\/#website\"},\"primaryImageOfPage\":{\"@id\":\"https:\/\/aswal.ca\/product\/verre-en-papier-blanc-22-oz\/#primaryimage\"},\"image\":{\"@id\":\"https:\/\/aswal.ca\/product\/verre-en-papier-blanc-22-oz\/#primaryimage\"},\"thumbnailUrl\":\"https:\/\/aswal.ca\/wp-content\/uploads\/2025\/09\/22-oz-e1758649457724.png\",\"datePublished\":\"2025-09-05T17:57:26+00:00\",\"dateModified\":\"2025-10-10T05:37:17+00:00\",\"breadcrumb\":{\"@id\":\"https:\/\/aswal.ca\/product\/verre-en-papier-blanc-22-oz\/#breadcrumb\"},\"inLanguage\":\"en-US\",\"potentialAction\":[{\"@type\":\"ReadAction\",\"target\":[\"https:\/\/aswal.ca\/product\/verre-en-papier-blanc-22-oz\/\"]}]},{\"@type\":\"ImageObject\",\"inLanguage\":\"en-US\",\"@id\":\"https:\/\/aswal.ca\/product\/verre-en-papier-blanc-22-oz\/#primaryimage\",\"url\":\"https:\/\/aswal.ca\/wp-content\/uploads\/2025\/09\/22-oz-e1758649457724.png\",\"contentUrl\":\"https:\/\/aswal.ca\/wp-content\/uploads\/2025\/09\/22-oz-e1758649457724.png\",\"width\":940,\"height\":940},{\"@type\":\"BreadcrumbList\",\"@id\":\"https:\/\/aswal.ca\/product\/verre-en-papier-blanc-22-oz\/#breadcrumb\",\"itemListElement\":[{\"@type\":\"ListItem\",\"position\":1,\"name\":\"Home\",\"item\":\"https:\/\/aswal.ca\/\"},{\"@type\":\"ListItem\",\"position\":2,\"name\":\"Shop\",\"item\":\"https:\/\/aswal.ca\/shop\/\"},{\"@type\":\"ListItem\",\"position\":3,\"name\":\"Verre en papier blanc 22 oz\"}]},{\"@type\":\"WebSite\",\"@id\":\"https:\/\/aswal.ca\/#website\",\"url\":\"https:\/\/aswal.ca\/\",\"name\":\"ASWAL\",\"description\":\"Verres en papier canadiens\",\"publisher\":{\"@id\":\"https:\/\/aswal.ca\/#organization\"},\"potentialAction\":[{\"@type\":\"SearchAction\",\"target\":{\"@type\":\"EntryPoint\",\"urlTemplate\":\"https:\/\/aswal.ca\/?s={search_term_string}\"},\"query-input\":{\"@type\":\"PropertyValueSpecification\",\"valueRequired\":true,\"valueName\":\"search_term_string\"}}],\"inLanguage\":\"en-US\"},{\"@type\":\"Organization\",\"@id\":\"https:\/\/aswal.ca\/#organization\",\"name\":\"ASWAL\",\"url\":\"https:\/\/aswal.ca\/\",\"logo\":{\"@type\":\"ImageObject\",\"inLanguage\":\"en-US\",\"@id\":\"https:\/\/aswal.ca\/#\/schema\/logo\/image\/\",\"url\":\"https:\/\/aswal.ca\/wp-content\/uploads\/2025\/09\/logo-aswal-registered.svg\",\"contentUrl\":\"https:\/\/aswal.ca\/wp-content\/uploads\/2025\/09\/logo-aswal-registered.svg\",\"width\":594,\"height\":396,\"caption\":\"ASWAL\"},\"image\":{\"@id\":\"https:\/\/aswal.ca\/#\/schema\/logo\/image\/\"}}]}<\/script>\n<!-- \/ Yoast SEO plugin. -->","yoast_head_json":{"title":"Verre en papier blanc 22 oz | ASWAL","robots":{"index":"index","follow":"follow","max-snippet":"max-snippet:-1","max-image-preview":"max-image-preview:large","max-video-preview":"max-video-preview:-1"},"canonical":"https:\/\/aswal.ca\/en\/product\/verre-en-papier-blanc-22-oz\/","og_locale":"en_US","og_type":"article","og_title":"Verre en papier blanc 22 oz | ASWAL","og_description":"Le plus grand verre en papier de notre gamme, parfait pour les tr\u00e8s grandes soifs, offrant une capacit\u00e9 maximale pour les boissons froides et les sodas.   Le plus grand format disponible.  Id\u00e9al pour les boissons froides.  Design durable pour les portions extra-larges.","og_url":"https:\/\/aswal.ca\/en\/product\/verre-en-papier-blanc-22-oz\/","og_site_name":"ASWAL","article_modified_time":"2025-10-10T05:37:17+00:00","og_image":[{"width":940,"height":940,"url":"https:\/\/aswal.ca\/wp-content\/uploads\/2025\/09\/22-oz-e1758649457724.png","type":"image\/png"}],"twitter_card":"summary_large_image","twitter_misc":{"Est. reading time":"1 minute"},"schema":{"@context":"https:\/\/schema.org","@graph":[{"@type":"WebPage","@id":"https:\/\/aswal.ca\/product\/verre-en-papier-blanc-22-oz\/","url":"https:\/\/aswal.ca\/product\/verre-en-papier-blanc-22-oz\/","name":"Verre en papier blanc 22 oz | ASWAL","isPartOf":{"@id":"https:\/\/aswal.ca\/#website"},"primaryImageOfPage":{"@id":"https:\/\/aswal.ca\/product\/verre-en-papier-blanc-22-oz\/#primaryimage"},"image":{"@id":"https:\/\/aswal.ca\/product\/verre-en-papier-blanc-22-oz\/#primaryimage"},"thumbnailUrl":"https:\/\/aswal.ca\/wp-content\/uploads\/2025\/09\/22-oz-e1758649457724.png","datePublished":"2025-09-05T17:57:26+00:00","dateModified":"2025-10-10T05:37:17+00:00","breadcrumb":{"@id":"https:\/\/aswal.ca\/product\/verre-en-papier-blanc-22-oz\/#breadcrumb"},"inLanguage":"en-US","potentialAction":[{"@type":"ReadAction","target":["https:\/\/aswal.ca\/product\/verre-en-papier-blanc-22-oz\/"]}]},{"@type":"ImageObject","inLanguage":"en-US","@id":"https:\/\/aswal.ca\/product\/verre-en-papier-blanc-22-oz\/#primaryimage","url":"https:\/\/aswal.ca\/wp-content\/uploads\/2025\/09\/22-oz-e1758649457724.png","contentUrl":"https:\/\/aswal.ca\/wp-content\/uploads\/2025\/09\/22-oz-e1758649457724.png","width":940,"height":940},{"@type":"BreadcrumbList","@id":"https:\/\/aswal.ca\/product\/verre-en-papier-blanc-22-oz\/#breadcrumb","itemListElement":[{"@type":"ListItem","position":1,"name":"Home","item":"https:\/\/aswal.ca\/"},{"@type":"ListItem","position":2,"name":"Shop","item":"https:\/\/aswal.ca\/shop\/"},{"@type":"ListItem","position":3,"name":"Verre en papier blanc 22 oz"}]},{"@type":"WebSite","@id":"https:\/\/aswal.ca\/#website","url":"https:\/\/aswal.ca\/","name":"ASWAL","description":"Verres en papier canadiens","publisher":{"@id":"https:\/\/aswal.ca\/#organization"},"potentialAction":[{"@type":"SearchAction","target":{"@type":"EntryPoint","urlTemplate":"https:\/\/aswal.ca\/?s={search_term_string}"},"query-input":{"@type":"PropertyValueSpecification","valueRequired":true,"valueName":"search_term_string"}}],"inLanguage":"en-US"},{"@type":"Organization","@id":"https:\/\/aswal.ca\/#organization","name":"ASWAL","url":"https:\/\/aswal.ca\/","logo":{"@type":"ImageObject","inLanguage":"en-US","@id":"https:\/\/aswal.ca\/#\/schema\/logo\/image\/","url":"https:\/\/aswal.ca\/wp-content\/uploads\/2025\/09\/logo-aswal-registered.svg","contentUrl":"https:\/\/aswal.ca\/wp-content\/uploads\/2025\/09\/logo-aswal-registered.svg","width":594,"height":396,"caption":"ASWAL"},"image":{"@id":"https:\/\/aswal.ca\/#\/schema\/logo\/image\/"}}]}},"_links":{"self":[{"href":"https:\/\/aswal.ca\/en\/wp-json\/wp\/v2\/product\/613","targetHints":{"allow":["GET"]}}],"collection":[{"href":"https:\/\/aswal.ca\/en\/wp-json\/wp\/v2\/product"}],"about":[{"href":"https:\/\/aswal.ca\/en\/wp-json\/wp\/v2\/types\/product"}],"replies":[{"embeddable":true,"href":"https:\/\/aswal.ca\/en\/wp-json\/wp\/v2\/comments?post=613"}],"wp:featuredmedia":[{"embeddable":true,"href":"https:\/\/aswal.ca\/en\/wp-json\/wp\/v2\/media\/1936"}],"wp:attachment":[{"href":"https:\/\/aswal.ca\/en\/wp-json\/wp\/v2\/media?parent=613"}],"wp:term":[{"taxonomy":"product_brand","embeddable":true,"href":"https:\/\/aswal.ca\/en\/wp-json\/wp\/v2\/product_brand?post=613"},{"taxonomy":"product_cat","embeddable":true,"href":"https:\/\/aswal.ca\/en\/wp-json\/wp\/v2\/product_cat?post=613"},{"taxonomy":"product_tag","embeddable":true,"href":"https:\/\/aswal.ca\/en\/wp-json\/wp\/v2\/product_tag?post=613"}],"curies":[{"name":"wp","href":"https:\/\/api.w.org\/{rel}","templated":true}]}}