{"id":608,"date":"2025-09-05T17:56:06","date_gmt":"2025-09-05T17:56:06","guid":{"rendered":"https:\/\/aswal.devbob.co\/?post_type=product&#038;p=608"},"modified":"2025-09-25T20:20:17","modified_gmt":"2025-09-25T20:20:17","slug":"verrre-en-papier-blanc-20-oz","status":"publish","type":"product","link":"https:\/\/aswal.ca\/en\/product\/verrre-en-papier-blanc-20-oz\/","title":{"rendered":"White 20 oz Paper Cup"},"content":{"rendered":"<p>The 20 oz paper cup is designed for maximum performance and volume. While it can be used for hot beverages, it\u2019s primarily optimized for high volume cold drinks like milkshakes, soft drinks, and iced teas. Its sturdy construction and impressive height make it an excellent choice for sporting events, cinemas, and businesses that want to stand out. Built for heavy daily use, it\u2019s durable and resistant to condensation.<\/p>","protected":false},"excerpt":{"rendered":"<p>An oversized cup for cold drinks, perfect for milkshakes, soft drinks, and large specialty creations.<\/p>\n<ul>\n<li>High capacity for large servings.<\/li>\n<li>Ideal for cold beverages.<\/li>\n<li>Strong, reliable construction.<\/li>\n<\/ul>","protected":false},"featured_media":1935,"comment_status":"open","ping_status":"closed","template":"","meta":[],"product_brand":[],"product_cat":[68,70,66],"product_tag":[],"class_list":{"0":"post-608","1":"product","2":"type-product","3":"status-publish","4":"has-post-thumbnail","6":"product_cat-boisson-chaude","7":"product_cat-boisson-froid","8":"product_cat-verres-en-papier","10":"first","11":"instock","12":"shipping-taxable","13":"product-type-simple"},"yoast_head":"<!-- This site is optimized with the Yoast SEO plugin v25.9 - https:\/\/yoast.com\/wordpress\/plugins\/seo\/ -->\n<title>Verre en papier blanc 20 oz | ASWAL<\/title>\n<meta name=\"robots\" content=\"index, follow, max-snippet:-1, max-image-preview:large, max-video-preview:-1\" \/>\n<link rel=\"canonical\" href=\"https:\/\/aswal.ca\/en\/product\/verrre-en-papier-blanc-20-oz\/\" \/>\n<meta property=\"og:locale\" content=\"en_US\" \/>\n<meta property=\"og:type\" content=\"article\" \/>\n<meta property=\"og:title\" content=\"Verre en papier blanc 20 oz | ASWAL\" \/>\n<meta property=\"og:description\" content=\"Un gobelet surdimensionn\u00e9 pour les boissons froides, parfait pour les milkshakes, les sodas et les cr\u00e9ations sp\u00e9ciales de grande taille.   Haute capacit\u00e9 pour les grandes portions.  Id\u00e9al pour les boissons froides.  Construction solide et fiable.\" \/>\n<meta property=\"og:url\" content=\"https:\/\/aswal.ca\/en\/product\/verrre-en-papier-blanc-20-oz\/\" \/>\n<meta property=\"og:site_name\" content=\"ASWAL\" \/>\n<meta property=\"article:modified_time\" content=\"2025-09-25T20:20:17+00:00\" \/>\n<meta property=\"og:image\" content=\"https:\/\/aswal.ca\/wp-content\/uploads\/2025\/09\/20-oz-e1758649436731.png\" \/>\n\t<meta property=\"og:image:width\" content=\"940\" \/>\n\t<meta property=\"og:image:height\" content=\"940\" \/>\n\t<meta property=\"og:image:type\" content=\"image\/png\" \/>\n<meta name=\"twitter:card\" content=\"summary_large_image\" \/>\n<meta name=\"twitter:label1\" content=\"Est. reading time\" \/>\n\t<meta name=\"twitter:data1\" content=\"1 minute\" \/>\n<script type=\"application\/ld+json\" class=\"yoast-schema-graph\">{\"@context\":\"https:\/\/schema.org\",\"@graph\":[{\"@type\":\"WebPage\",\"@id\":\"https:\/\/aswal.ca\/product\/verrre-en-papier-blanc-20-oz\/\",\"url\":\"https:\/\/aswal.ca\/product\/verrre-en-papier-blanc-20-oz\/\",\"name\":\"Verre en papier blanc 20 oz | ASWAL\",\"isPartOf\":{\"@id\":\"https:\/\/aswal.ca\/#website\"},\"primaryImageOfPage\":{\"@id\":\"https:\/\/aswal.ca\/product\/verrre-en-papier-blanc-20-oz\/#primaryimage\"},\"image\":{\"@id\":\"https:\/\/aswal.ca\/product\/verrre-en-papier-blanc-20-oz\/#primaryimage\"},\"thumbnailUrl\":\"https:\/\/aswal.ca\/wp-content\/uploads\/2025\/09\/20-oz-e1758649436731.png\",\"datePublished\":\"2025-09-05T17:56:06+00:00\",\"dateModified\":\"2025-09-25T20:20:17+00:00\",\"breadcrumb\":{\"@id\":\"https:\/\/aswal.ca\/product\/verrre-en-papier-blanc-20-oz\/#breadcrumb\"},\"inLanguage\":\"en-US\",\"potentialAction\":[{\"@type\":\"ReadAction\",\"target\":[\"https:\/\/aswal.ca\/product\/verrre-en-papier-blanc-20-oz\/\"]}]},{\"@type\":\"ImageObject\",\"inLanguage\":\"en-US\",\"@id\":\"https:\/\/aswal.ca\/product\/verrre-en-papier-blanc-20-oz\/#primaryimage\",\"url\":\"https:\/\/aswal.ca\/wp-content\/uploads\/2025\/09\/20-oz-e1758649436731.png\",\"contentUrl\":\"https:\/\/aswal.ca\/wp-content\/uploads\/2025\/09\/20-oz-e1758649436731.png\",\"width\":940,\"height\":940},{\"@type\":\"BreadcrumbList\",\"@id\":\"https:\/\/aswal.ca\/product\/verrre-en-papier-blanc-20-oz\/#breadcrumb\",\"itemListElement\":[{\"@type\":\"ListItem\",\"position\":1,\"name\":\"Home\",\"item\":\"https:\/\/aswal.ca\/\"},{\"@type\":\"ListItem\",\"position\":2,\"name\":\"Shop\",\"item\":\"https:\/\/aswal.ca\/shop\/\"},{\"@type\":\"ListItem\",\"position\":3,\"name\":\"Verre en papier blanc 20 oz\"}]},{\"@type\":\"WebSite\",\"@id\":\"https:\/\/aswal.ca\/#website\",\"url\":\"https:\/\/aswal.ca\/\",\"name\":\"ASWAL\",\"description\":\"Verres en papier canadiens\",\"publisher\":{\"@id\":\"https:\/\/aswal.ca\/#organization\"},\"potentialAction\":[{\"@type\":\"SearchAction\",\"target\":{\"@type\":\"EntryPoint\",\"urlTemplate\":\"https:\/\/aswal.ca\/?s={search_term_string}\"},\"query-input\":{\"@type\":\"PropertyValueSpecification\",\"valueRequired\":true,\"valueName\":\"search_term_string\"}}],\"inLanguage\":\"en-US\"},{\"@type\":\"Organization\",\"@id\":\"https:\/\/aswal.ca\/#organization\",\"name\":\"ASWAL\",\"url\":\"https:\/\/aswal.ca\/\",\"logo\":{\"@type\":\"ImageObject\",\"inLanguage\":\"en-US\",\"@id\":\"https:\/\/aswal.ca\/#\/schema\/logo\/image\/\",\"url\":\"https:\/\/aswal.ca\/wp-content\/uploads\/2025\/09\/logo-aswal-registered.svg\",\"contentUrl\":\"https:\/\/aswal.ca\/wp-content\/uploads\/2025\/09\/logo-aswal-registered.svg\",\"width\":594,\"height\":396,\"caption\":\"ASWAL\"},\"image\":{\"@id\":\"https:\/\/aswal.ca\/#\/schema\/logo\/image\/\"}}]}<\/script>\n<!-- \/ Yoast SEO plugin. -->","yoast_head_json":{"title":"Verre en papier blanc 20 oz | ASWAL","robots":{"index":"index","follow":"follow","max-snippet":"max-snippet:-1","max-image-preview":"max-image-preview:large","max-video-preview":"max-video-preview:-1"},"canonical":"https:\/\/aswal.ca\/en\/product\/verrre-en-papier-blanc-20-oz\/","og_locale":"en_US","og_type":"article","og_title":"Verre en papier blanc 20 oz | ASWAL","og_description":"Un gobelet surdimensionn\u00e9 pour les boissons froides, parfait pour les milkshakes, les sodas et les cr\u00e9ations sp\u00e9ciales de grande taille.   Haute capacit\u00e9 pour les grandes portions.  Id\u00e9al pour les boissons froides.  Construction solide et fiable.","og_url":"https:\/\/aswal.ca\/en\/product\/verrre-en-papier-blanc-20-oz\/","og_site_name":"ASWAL","article_modified_time":"2025-09-25T20:20:17+00:00","og_image":[{"width":940,"height":940,"url":"https:\/\/aswal.ca\/wp-content\/uploads\/2025\/09\/20-oz-e1758649436731.png","type":"image\/png"}],"twitter_card":"summary_large_image","twitter_misc":{"Est. reading time":"1 minute"},"schema":{"@context":"https:\/\/schema.org","@graph":[{"@type":"WebPage","@id":"https:\/\/aswal.ca\/product\/verrre-en-papier-blanc-20-oz\/","url":"https:\/\/aswal.ca\/product\/verrre-en-papier-blanc-20-oz\/","name":"Verre en papier blanc 20 oz | ASWAL","isPartOf":{"@id":"https:\/\/aswal.ca\/#website"},"primaryImageOfPage":{"@id":"https:\/\/aswal.ca\/product\/verrre-en-papier-blanc-20-oz\/#primaryimage"},"image":{"@id":"https:\/\/aswal.ca\/product\/verrre-en-papier-blanc-20-oz\/#primaryimage"},"thumbnailUrl":"https:\/\/aswal.ca\/wp-content\/uploads\/2025\/09\/20-oz-e1758649436731.png","datePublished":"2025-09-05T17:56:06+00:00","dateModified":"2025-09-25T20:20:17+00:00","breadcrumb":{"@id":"https:\/\/aswal.ca\/product\/verrre-en-papier-blanc-20-oz\/#breadcrumb"},"inLanguage":"en-US","potentialAction":[{"@type":"ReadAction","target":["https:\/\/aswal.ca\/product\/verrre-en-papier-blanc-20-oz\/"]}]},{"@type":"ImageObject","inLanguage":"en-US","@id":"https:\/\/aswal.ca\/product\/verrre-en-papier-blanc-20-oz\/#primaryimage","url":"https:\/\/aswal.ca\/wp-content\/uploads\/2025\/09\/20-oz-e1758649436731.png","contentUrl":"https:\/\/aswal.ca\/wp-content\/uploads\/2025\/09\/20-oz-e1758649436731.png","width":940,"height":940},{"@type":"BreadcrumbList","@id":"https:\/\/aswal.ca\/product\/verrre-en-papier-blanc-20-oz\/#breadcrumb","itemListElement":[{"@type":"ListItem","position":1,"name":"Home","item":"https:\/\/aswal.ca\/"},{"@type":"ListItem","position":2,"name":"Shop","item":"https:\/\/aswal.ca\/shop\/"},{"@type":"ListItem","position":3,"name":"Verre en papier blanc 20 oz"}]},{"@type":"WebSite","@id":"https:\/\/aswal.ca\/#website","url":"https:\/\/aswal.ca\/","name":"ASWAL","description":"Verres en papier canadiens","publisher":{"@id":"https:\/\/aswal.ca\/#organization"},"potentialAction":[{"@type":"SearchAction","target":{"@type":"EntryPoint","urlTemplate":"https:\/\/aswal.ca\/?s={search_term_string}"},"query-input":{"@type":"PropertyValueSpecification","valueRequired":true,"valueName":"search_term_string"}}],"inLanguage":"en-US"},{"@type":"Organization","@id":"https:\/\/aswal.ca\/#organization","name":"ASWAL","url":"https:\/\/aswal.ca\/","logo":{"@type":"ImageObject","inLanguage":"en-US","@id":"https:\/\/aswal.ca\/#\/schema\/logo\/image\/","url":"https:\/\/aswal.ca\/wp-content\/uploads\/2025\/09\/logo-aswal-registered.svg","contentUrl":"https:\/\/aswal.ca\/wp-content\/uploads\/2025\/09\/logo-aswal-registered.svg","width":594,"height":396,"caption":"ASWAL"},"image":{"@id":"https:\/\/aswal.ca\/#\/schema\/logo\/image\/"}}]}},"_links":{"self":[{"href":"https:\/\/aswal.ca\/en\/wp-json\/wp\/v2\/product\/608","targetHints":{"allow":["GET"]}}],"collection":[{"href":"https:\/\/aswal.ca\/en\/wp-json\/wp\/v2\/product"}],"about":[{"href":"https:\/\/aswal.ca\/en\/wp-json\/wp\/v2\/types\/product"}],"replies":[{"embeddable":true,"href":"https:\/\/aswal.ca\/en\/wp-json\/wp\/v2\/comments?post=608"}],"wp:featuredmedia":[{"embeddable":true,"href":"https:\/\/aswal.ca\/en\/wp-json\/wp\/v2\/media\/1935"}],"wp:attachment":[{"href":"https:\/\/aswal.ca\/en\/wp-json\/wp\/v2\/media?parent=608"}],"wp:term":[{"taxonomy":"product_brand","embeddable":true,"href":"https:\/\/aswal.ca\/en\/wp-json\/wp\/v2\/product_brand?post=608"},{"taxonomy":"product_cat","embeddable":true,"href":"https:\/\/aswal.ca\/en\/wp-json\/wp\/v2\/product_cat?post=608"},{"taxonomy":"product_tag","embeddable":true,"href":"https:\/\/aswal.ca\/en\/wp-json\/wp\/v2\/product_tag?post=608"}],"curies":[{"name":"wp","href":"https:\/\/api.w.org\/{rel}","templated":true}]}}