{"id":603,"date":"2025-09-05T17:54:47","date_gmt":"2025-09-05T17:54:47","guid":{"rendered":"https:\/\/aswal.devbob.co\/?post_type=product&#038;p=603"},"modified":"2025-09-25T20:21:56","modified_gmt":"2025-09-25T20:21:56","slug":"verre-en-papier-blanc-16-oz","status":"publish","type":"product","link":"https:\/\/aswal.ca\/en\/product\/verre-en-papier-blanc-16-oz\/","title":{"rendered":"White 16 oz Paper Cup"},"content":{"rendered":"<p>The 16 oz paper cup is the ideal option for customers who want a larger serving. Its generous capacity makes it perfect for big hot drinks like lattes, as well as cold beverages and smoothies. The cup\u2019s sturdy construction helps it keep its shape and resist leaks, whether it\u2019s used for hot or cold liquids. It\u2019s a reliable solution for grocery stores, caf\u00e9s, and restaurants that want to offer a large size option to their customers.<\/p>","protected":false},"excerpt":{"rendered":"<p>An extra large cup built for big thirsts, ideal for coffees, iced teas, smoothies, and even soups.<\/p>\n<ul>\n<li>Extra large capacity.<\/li>\n<li>Versatile for hot and cold beverages.<\/li>\n<li>Durable, leak-resistant design.<\/li>\n<\/ul>","protected":false},"featured_media":1934,"comment_status":"open","ping_status":"closed","template":"","meta":[],"product_brand":[],"product_cat":[68,66],"product_tag":[],"class_list":{"0":"post-603","1":"product","2":"type-product","3":"status-publish","4":"has-post-thumbnail","6":"product_cat-boisson-chaude","7":"product_cat-verres-en-papier","9":"first","10":"instock","11":"shipping-taxable","12":"product-type-simple"},"yoast_head":"<!-- This site is optimized with the Yoast SEO plugin v25.9 - https:\/\/yoast.com\/wordpress\/plugins\/seo\/ -->\n<title>Verre en papier blanc 16 oz | ASWAL<\/title>\n<meta name=\"robots\" content=\"index, follow, max-snippet:-1, max-image-preview:large, max-video-preview:-1\" \/>\n<link rel=\"canonical\" href=\"https:\/\/aswal.ca\/en\/product\/verre-en-papier-blanc-16-oz\/\" \/>\n<meta property=\"og:locale\" content=\"en_US\" \/>\n<meta property=\"og:type\" content=\"article\" \/>\n<meta property=\"og:title\" content=\"Verre en papier blanc 16 oz | ASWAL\" \/>\n<meta property=\"og:description\" content=\"Un gobelet extra-large con\u00e7u pour les grandes soifs, id\u00e9al pour les caf\u00e9s, les th\u00e9s glac\u00e9s, les smoothies et m\u00eame les soupes.   Capacit\u00e9 extra-large.  Polyvalent pour les boissons chaudes et froides.  Conception durable et \u00e9tanche.\" \/>\n<meta property=\"og:url\" content=\"https:\/\/aswal.ca\/en\/product\/verre-en-papier-blanc-16-oz\/\" \/>\n<meta property=\"og:site_name\" content=\"ASWAL\" \/>\n<meta property=\"article:modified_time\" content=\"2025-09-25T20:21:56+00:00\" \/>\n<meta property=\"og:image\" content=\"https:\/\/aswal.ca\/wp-content\/uploads\/2025\/09\/16-oz-e1758649420567.png\" \/>\n\t<meta property=\"og:image:width\" content=\"940\" \/>\n\t<meta property=\"og:image:height\" content=\"940\" \/>\n\t<meta property=\"og:image:type\" content=\"image\/png\" \/>\n<meta name=\"twitter:card\" content=\"summary_large_image\" \/>\n<meta name=\"twitter:label1\" content=\"Est. reading time\" \/>\n\t<meta name=\"twitter:data1\" content=\"1 minute\" \/>\n<script type=\"application\/ld+json\" class=\"yoast-schema-graph\">{\"@context\":\"https:\/\/schema.org\",\"@graph\":[{\"@type\":\"WebPage\",\"@id\":\"https:\/\/aswal.ca\/product\/verre-en-papier-blanc-16-oz\/\",\"url\":\"https:\/\/aswal.ca\/product\/verre-en-papier-blanc-16-oz\/\",\"name\":\"Verre en papier blanc 16 oz | ASWAL\",\"isPartOf\":{\"@id\":\"https:\/\/aswal.ca\/#website\"},\"primaryImageOfPage\":{\"@id\":\"https:\/\/aswal.ca\/product\/verre-en-papier-blanc-16-oz\/#primaryimage\"},\"image\":{\"@id\":\"https:\/\/aswal.ca\/product\/verre-en-papier-blanc-16-oz\/#primaryimage\"},\"thumbnailUrl\":\"https:\/\/aswal.ca\/wp-content\/uploads\/2025\/09\/16-oz-e1758649420567.png\",\"datePublished\":\"2025-09-05T17:54:47+00:00\",\"dateModified\":\"2025-09-25T20:21:56+00:00\",\"breadcrumb\":{\"@id\":\"https:\/\/aswal.ca\/product\/verre-en-papier-blanc-16-oz\/#breadcrumb\"},\"inLanguage\":\"en-US\",\"potentialAction\":[{\"@type\":\"ReadAction\",\"target\":[\"https:\/\/aswal.ca\/product\/verre-en-papier-blanc-16-oz\/\"]}]},{\"@type\":\"ImageObject\",\"inLanguage\":\"en-US\",\"@id\":\"https:\/\/aswal.ca\/product\/verre-en-papier-blanc-16-oz\/#primaryimage\",\"url\":\"https:\/\/aswal.ca\/wp-content\/uploads\/2025\/09\/16-oz-e1758649420567.png\",\"contentUrl\":\"https:\/\/aswal.ca\/wp-content\/uploads\/2025\/09\/16-oz-e1758649420567.png\",\"width\":940,\"height\":940},{\"@type\":\"BreadcrumbList\",\"@id\":\"https:\/\/aswal.ca\/product\/verre-en-papier-blanc-16-oz\/#breadcrumb\",\"itemListElement\":[{\"@type\":\"ListItem\",\"position\":1,\"name\":\"Home\",\"item\":\"https:\/\/aswal.ca\/\"},{\"@type\":\"ListItem\",\"position\":2,\"name\":\"Shop\",\"item\":\"https:\/\/aswal.ca\/shop\/\"},{\"@type\":\"ListItem\",\"position\":3,\"name\":\"Verre en papier blanc 16 oz\"}]},{\"@type\":\"WebSite\",\"@id\":\"https:\/\/aswal.ca\/#website\",\"url\":\"https:\/\/aswal.ca\/\",\"name\":\"ASWAL\",\"description\":\"Verres en papier canadiens\",\"publisher\":{\"@id\":\"https:\/\/aswal.ca\/#organization\"},\"potentialAction\":[{\"@type\":\"SearchAction\",\"target\":{\"@type\":\"EntryPoint\",\"urlTemplate\":\"https:\/\/aswal.ca\/?s={search_term_string}\"},\"query-input\":{\"@type\":\"PropertyValueSpecification\",\"valueRequired\":true,\"valueName\":\"search_term_string\"}}],\"inLanguage\":\"en-US\"},{\"@type\":\"Organization\",\"@id\":\"https:\/\/aswal.ca\/#organization\",\"name\":\"ASWAL\",\"url\":\"https:\/\/aswal.ca\/\",\"logo\":{\"@type\":\"ImageObject\",\"inLanguage\":\"en-US\",\"@id\":\"https:\/\/aswal.ca\/#\/schema\/logo\/image\/\",\"url\":\"https:\/\/aswal.ca\/wp-content\/uploads\/2025\/09\/logo-aswal-registered.svg\",\"contentUrl\":\"https:\/\/aswal.ca\/wp-content\/uploads\/2025\/09\/logo-aswal-registered.svg\",\"width\":594,\"height\":396,\"caption\":\"ASWAL\"},\"image\":{\"@id\":\"https:\/\/aswal.ca\/#\/schema\/logo\/image\/\"}}]}<\/script>\n<!-- \/ Yoast SEO plugin. -->","yoast_head_json":{"title":"Verre en papier blanc 16 oz | ASWAL","robots":{"index":"index","follow":"follow","max-snippet":"max-snippet:-1","max-image-preview":"max-image-preview:large","max-video-preview":"max-video-preview:-1"},"canonical":"https:\/\/aswal.ca\/en\/product\/verre-en-papier-blanc-16-oz\/","og_locale":"en_US","og_type":"article","og_title":"Verre en papier blanc 16 oz | ASWAL","og_description":"Un gobelet extra-large con\u00e7u pour les grandes soifs, id\u00e9al pour les caf\u00e9s, les th\u00e9s glac\u00e9s, les smoothies et m\u00eame les soupes.   Capacit\u00e9 extra-large.  Polyvalent pour les boissons chaudes et froides.  Conception durable et \u00e9tanche.","og_url":"https:\/\/aswal.ca\/en\/product\/verre-en-papier-blanc-16-oz\/","og_site_name":"ASWAL","article_modified_time":"2025-09-25T20:21:56+00:00","og_image":[{"width":940,"height":940,"url":"https:\/\/aswal.ca\/wp-content\/uploads\/2025\/09\/16-oz-e1758649420567.png","type":"image\/png"}],"twitter_card":"summary_large_image","twitter_misc":{"Est. reading time":"1 minute"},"schema":{"@context":"https:\/\/schema.org","@graph":[{"@type":"WebPage","@id":"https:\/\/aswal.ca\/product\/verre-en-papier-blanc-16-oz\/","url":"https:\/\/aswal.ca\/product\/verre-en-papier-blanc-16-oz\/","name":"Verre en papier blanc 16 oz | ASWAL","isPartOf":{"@id":"https:\/\/aswal.ca\/#website"},"primaryImageOfPage":{"@id":"https:\/\/aswal.ca\/product\/verre-en-papier-blanc-16-oz\/#primaryimage"},"image":{"@id":"https:\/\/aswal.ca\/product\/verre-en-papier-blanc-16-oz\/#primaryimage"},"thumbnailUrl":"https:\/\/aswal.ca\/wp-content\/uploads\/2025\/09\/16-oz-e1758649420567.png","datePublished":"2025-09-05T17:54:47+00:00","dateModified":"2025-09-25T20:21:56+00:00","breadcrumb":{"@id":"https:\/\/aswal.ca\/product\/verre-en-papier-blanc-16-oz\/#breadcrumb"},"inLanguage":"en-US","potentialAction":[{"@type":"ReadAction","target":["https:\/\/aswal.ca\/product\/verre-en-papier-blanc-16-oz\/"]}]},{"@type":"ImageObject","inLanguage":"en-US","@id":"https:\/\/aswal.ca\/product\/verre-en-papier-blanc-16-oz\/#primaryimage","url":"https:\/\/aswal.ca\/wp-content\/uploads\/2025\/09\/16-oz-e1758649420567.png","contentUrl":"https:\/\/aswal.ca\/wp-content\/uploads\/2025\/09\/16-oz-e1758649420567.png","width":940,"height":940},{"@type":"BreadcrumbList","@id":"https:\/\/aswal.ca\/product\/verre-en-papier-blanc-16-oz\/#breadcrumb","itemListElement":[{"@type":"ListItem","position":1,"name":"Home","item":"https:\/\/aswal.ca\/"},{"@type":"ListItem","position":2,"name":"Shop","item":"https:\/\/aswal.ca\/shop\/"},{"@type":"ListItem","position":3,"name":"Verre en papier blanc 16 oz"}]},{"@type":"WebSite","@id":"https:\/\/aswal.ca\/#website","url":"https:\/\/aswal.ca\/","name":"ASWAL","description":"Verres en papier canadiens","publisher":{"@id":"https:\/\/aswal.ca\/#organization"},"potentialAction":[{"@type":"SearchAction","target":{"@type":"EntryPoint","urlTemplate":"https:\/\/aswal.ca\/?s={search_term_string}"},"query-input":{"@type":"PropertyValueSpecification","valueRequired":true,"valueName":"search_term_string"}}],"inLanguage":"en-US"},{"@type":"Organization","@id":"https:\/\/aswal.ca\/#organization","name":"ASWAL","url":"https:\/\/aswal.ca\/","logo":{"@type":"ImageObject","inLanguage":"en-US","@id":"https:\/\/aswal.ca\/#\/schema\/logo\/image\/","url":"https:\/\/aswal.ca\/wp-content\/uploads\/2025\/09\/logo-aswal-registered.svg","contentUrl":"https:\/\/aswal.ca\/wp-content\/uploads\/2025\/09\/logo-aswal-registered.svg","width":594,"height":396,"caption":"ASWAL"},"image":{"@id":"https:\/\/aswal.ca\/#\/schema\/logo\/image\/"}}]}},"_links":{"self":[{"href":"https:\/\/aswal.ca\/en\/wp-json\/wp\/v2\/product\/603","targetHints":{"allow":["GET"]}}],"collection":[{"href":"https:\/\/aswal.ca\/en\/wp-json\/wp\/v2\/product"}],"about":[{"href":"https:\/\/aswal.ca\/en\/wp-json\/wp\/v2\/types\/product"}],"replies":[{"embeddable":true,"href":"https:\/\/aswal.ca\/en\/wp-json\/wp\/v2\/comments?post=603"}],"wp:featuredmedia":[{"embeddable":true,"href":"https:\/\/aswal.ca\/en\/wp-json\/wp\/v2\/media\/1934"}],"wp:attachment":[{"href":"https:\/\/aswal.ca\/en\/wp-json\/wp\/v2\/media?parent=603"}],"wp:term":[{"taxonomy":"product_brand","embeddable":true,"href":"https:\/\/aswal.ca\/en\/wp-json\/wp\/v2\/product_brand?post=603"},{"taxonomy":"product_cat","embeddable":true,"href":"https:\/\/aswal.ca\/en\/wp-json\/wp\/v2\/product_cat?post=603"},{"taxonomy":"product_tag","embeddable":true,"href":"https:\/\/aswal.ca\/en\/wp-json\/wp\/v2\/product_tag?post=603"}],"curies":[{"name":"wp","href":"https:\/\/api.w.org\/{rel}","templated":true}]}}