{"id":598,"date":"2025-09-05T17:51:29","date_gmt":"2025-09-05T17:51:29","guid":{"rendered":"https:\/\/aswal.devbob.co\/?post_type=product&#038;p=598"},"modified":"2025-09-25T20:21:57","modified_gmt":"2025-09-25T20:21:57","slug":"verre-en-papier-blanc-12-oz","status":"publish","type":"product","link":"https:\/\/aswal.ca\/en\/product\/verre-en-papier-blanc-12-oz\/","title":{"rendered":"White 12 oz Paper Cup"},"content":{"rendered":"<p>This 12 oz paper cup is designed for those who want a more generous serving size. It\u2019s ideal for large coffees, iced teas, juices, and soft drinks. Its robust construction and premium coating make it leak resistant and highly resistant to condensation. This helps the cup stay sturdy and comfortable to hold even with cold drinks over extended periods. Compatible with lids, it\u2019s a perfect choice for grab and go beverages, appreciated by both businesses and their customers.<\/p>","protected":false},"excerpt":{"rendered":"<p>With its generous capacity, this cup is the ideal choice for smoothies, soft drinks, and larger servings of beverages hot or cold<\/p>\n<ul>\n<li>Large capacity.<\/li>\n<li>Perfect for iced beverages.<\/li>\n<li>Durable and reliable.<\/li>\n<\/ul>","protected":false},"featured_media":1933,"comment_status":"open","ping_status":"closed","template":"","meta":[],"product_brand":[],"product_cat":[68,66],"product_tag":[],"class_list":{"0":"post-598","1":"product","2":"type-product","3":"status-publish","4":"has-post-thumbnail","6":"product_cat-boisson-chaude","7":"product_cat-verres-en-papier","9":"first","10":"instock","11":"shipping-taxable","12":"product-type-simple"},"yoast_head":"<!-- This site is optimized with the Yoast SEO plugin v25.9 - https:\/\/yoast.com\/wordpress\/plugins\/seo\/ -->\n<title>Verre en papier blanc 12 oz | ASWAL<\/title>\n<meta name=\"robots\" content=\"index, follow, max-snippet:-1, max-image-preview:large, max-video-preview:-1\" \/>\n<link rel=\"canonical\" href=\"https:\/\/aswal.ca\/en\/product\/verre-en-papier-blanc-12-oz\/\" \/>\n<meta property=\"og:locale\" content=\"en_US\" \/>\n<meta property=\"og:type\" content=\"article\" \/>\n<meta property=\"og:title\" content=\"Verre en papier blanc 12 oz | ASWAL\" \/>\n<meta property=\"og:description\" content=\"Avec sa capacit\u00e9 g\u00e9n\u00e9reuse, ce gobelet est le choix id\u00e9al pour les smoothies, les sodas et les grandes portions de boissons, qu&#039;elles soient chaudes ou froides.   Grande capacit\u00e9.  Parfait pour les boissons glac\u00e9es.  Durable et fiable.\" \/>\n<meta property=\"og:url\" content=\"https:\/\/aswal.ca\/en\/product\/verre-en-papier-blanc-12-oz\/\" \/>\n<meta property=\"og:site_name\" content=\"ASWAL\" \/>\n<meta property=\"article:modified_time\" content=\"2025-09-25T20:21:57+00:00\" \/>\n<meta property=\"og:image\" content=\"https:\/\/aswal.ca\/wp-content\/uploads\/2025\/09\/12-0z-e1758649402208.png\" \/>\n\t<meta property=\"og:image:width\" content=\"940\" \/>\n\t<meta property=\"og:image:height\" content=\"940\" \/>\n\t<meta property=\"og:image:type\" content=\"image\/png\" \/>\n<meta name=\"twitter:card\" content=\"summary_large_image\" \/>\n<meta name=\"twitter:label1\" content=\"Est. reading time\" \/>\n\t<meta name=\"twitter:data1\" content=\"1 minute\" \/>\n<script type=\"application\/ld+json\" class=\"yoast-schema-graph\">{\"@context\":\"https:\/\/schema.org\",\"@graph\":[{\"@type\":\"WebPage\",\"@id\":\"https:\/\/aswal.ca\/product\/verre-en-papier-blanc-12-oz\/\",\"url\":\"https:\/\/aswal.ca\/product\/verre-en-papier-blanc-12-oz\/\",\"name\":\"Verre en papier blanc 12 oz | ASWAL\",\"isPartOf\":{\"@id\":\"https:\/\/aswal.ca\/#website\"},\"primaryImageOfPage\":{\"@id\":\"https:\/\/aswal.ca\/product\/verre-en-papier-blanc-12-oz\/#primaryimage\"},\"image\":{\"@id\":\"https:\/\/aswal.ca\/product\/verre-en-papier-blanc-12-oz\/#primaryimage\"},\"thumbnailUrl\":\"https:\/\/aswal.ca\/wp-content\/uploads\/2025\/09\/12-0z-e1758649402208.png\",\"datePublished\":\"2025-09-05T17:51:29+00:00\",\"dateModified\":\"2025-09-25T20:21:57+00:00\",\"breadcrumb\":{\"@id\":\"https:\/\/aswal.ca\/product\/verre-en-papier-blanc-12-oz\/#breadcrumb\"},\"inLanguage\":\"en-US\",\"potentialAction\":[{\"@type\":\"ReadAction\",\"target\":[\"https:\/\/aswal.ca\/product\/verre-en-papier-blanc-12-oz\/\"]}]},{\"@type\":\"ImageObject\",\"inLanguage\":\"en-US\",\"@id\":\"https:\/\/aswal.ca\/product\/verre-en-papier-blanc-12-oz\/#primaryimage\",\"url\":\"https:\/\/aswal.ca\/wp-content\/uploads\/2025\/09\/12-0z-e1758649402208.png\",\"contentUrl\":\"https:\/\/aswal.ca\/wp-content\/uploads\/2025\/09\/12-0z-e1758649402208.png\",\"width\":940,\"height\":940},{\"@type\":\"BreadcrumbList\",\"@id\":\"https:\/\/aswal.ca\/product\/verre-en-papier-blanc-12-oz\/#breadcrumb\",\"itemListElement\":[{\"@type\":\"ListItem\",\"position\":1,\"name\":\"Home\",\"item\":\"https:\/\/aswal.ca\/\"},{\"@type\":\"ListItem\",\"position\":2,\"name\":\"Shop\",\"item\":\"https:\/\/aswal.ca\/shop\/\"},{\"@type\":\"ListItem\",\"position\":3,\"name\":\"Verre en papier blanc 12 oz\"}]},{\"@type\":\"WebSite\",\"@id\":\"https:\/\/aswal.ca\/#website\",\"url\":\"https:\/\/aswal.ca\/\",\"name\":\"ASWAL\",\"description\":\"Verres en papier canadiens\",\"publisher\":{\"@id\":\"https:\/\/aswal.ca\/#organization\"},\"potentialAction\":[{\"@type\":\"SearchAction\",\"target\":{\"@type\":\"EntryPoint\",\"urlTemplate\":\"https:\/\/aswal.ca\/?s={search_term_string}\"},\"query-input\":{\"@type\":\"PropertyValueSpecification\",\"valueRequired\":true,\"valueName\":\"search_term_string\"}}],\"inLanguage\":\"en-US\"},{\"@type\":\"Organization\",\"@id\":\"https:\/\/aswal.ca\/#organization\",\"name\":\"ASWAL\",\"url\":\"https:\/\/aswal.ca\/\",\"logo\":{\"@type\":\"ImageObject\",\"inLanguage\":\"en-US\",\"@id\":\"https:\/\/aswal.ca\/#\/schema\/logo\/image\/\",\"url\":\"https:\/\/aswal.ca\/wp-content\/uploads\/2025\/09\/logo-aswal-registered.svg\",\"contentUrl\":\"https:\/\/aswal.ca\/wp-content\/uploads\/2025\/09\/logo-aswal-registered.svg\",\"width\":594,\"height\":396,\"caption\":\"ASWAL\"},\"image\":{\"@id\":\"https:\/\/aswal.ca\/#\/schema\/logo\/image\/\"}}]}<\/script>\n<!-- \/ Yoast SEO plugin. -->","yoast_head_json":{"title":"Verre en papier blanc 12 oz | ASWAL","robots":{"index":"index","follow":"follow","max-snippet":"max-snippet:-1","max-image-preview":"max-image-preview:large","max-video-preview":"max-video-preview:-1"},"canonical":"https:\/\/aswal.ca\/en\/product\/verre-en-papier-blanc-12-oz\/","og_locale":"en_US","og_type":"article","og_title":"Verre en papier blanc 12 oz | ASWAL","og_description":"Avec sa capacit\u00e9 g\u00e9n\u00e9reuse, ce gobelet est le choix id\u00e9al pour les smoothies, les sodas et les grandes portions de boissons, qu'elles soient chaudes ou froides.   Grande capacit\u00e9.  Parfait pour les boissons glac\u00e9es.  Durable et fiable.","og_url":"https:\/\/aswal.ca\/en\/product\/verre-en-papier-blanc-12-oz\/","og_site_name":"ASWAL","article_modified_time":"2025-09-25T20:21:57+00:00","og_image":[{"width":940,"height":940,"url":"https:\/\/aswal.ca\/wp-content\/uploads\/2025\/09\/12-0z-e1758649402208.png","type":"image\/png"}],"twitter_card":"summary_large_image","twitter_misc":{"Est. reading time":"1 minute"},"schema":{"@context":"https:\/\/schema.org","@graph":[{"@type":"WebPage","@id":"https:\/\/aswal.ca\/product\/verre-en-papier-blanc-12-oz\/","url":"https:\/\/aswal.ca\/product\/verre-en-papier-blanc-12-oz\/","name":"Verre en papier blanc 12 oz | ASWAL","isPartOf":{"@id":"https:\/\/aswal.ca\/#website"},"primaryImageOfPage":{"@id":"https:\/\/aswal.ca\/product\/verre-en-papier-blanc-12-oz\/#primaryimage"},"image":{"@id":"https:\/\/aswal.ca\/product\/verre-en-papier-blanc-12-oz\/#primaryimage"},"thumbnailUrl":"https:\/\/aswal.ca\/wp-content\/uploads\/2025\/09\/12-0z-e1758649402208.png","datePublished":"2025-09-05T17:51:29+00:00","dateModified":"2025-09-25T20:21:57+00:00","breadcrumb":{"@id":"https:\/\/aswal.ca\/product\/verre-en-papier-blanc-12-oz\/#breadcrumb"},"inLanguage":"en-US","potentialAction":[{"@type":"ReadAction","target":["https:\/\/aswal.ca\/product\/verre-en-papier-blanc-12-oz\/"]}]},{"@type":"ImageObject","inLanguage":"en-US","@id":"https:\/\/aswal.ca\/product\/verre-en-papier-blanc-12-oz\/#primaryimage","url":"https:\/\/aswal.ca\/wp-content\/uploads\/2025\/09\/12-0z-e1758649402208.png","contentUrl":"https:\/\/aswal.ca\/wp-content\/uploads\/2025\/09\/12-0z-e1758649402208.png","width":940,"height":940},{"@type":"BreadcrumbList","@id":"https:\/\/aswal.ca\/product\/verre-en-papier-blanc-12-oz\/#breadcrumb","itemListElement":[{"@type":"ListItem","position":1,"name":"Home","item":"https:\/\/aswal.ca\/"},{"@type":"ListItem","position":2,"name":"Shop","item":"https:\/\/aswal.ca\/shop\/"},{"@type":"ListItem","position":3,"name":"Verre en papier blanc 12 oz"}]},{"@type":"WebSite","@id":"https:\/\/aswal.ca\/#website","url":"https:\/\/aswal.ca\/","name":"ASWAL","description":"Verres en papier canadiens","publisher":{"@id":"https:\/\/aswal.ca\/#organization"},"potentialAction":[{"@type":"SearchAction","target":{"@type":"EntryPoint","urlTemplate":"https:\/\/aswal.ca\/?s={search_term_string}"},"query-input":{"@type":"PropertyValueSpecification","valueRequired":true,"valueName":"search_term_string"}}],"inLanguage":"en-US"},{"@type":"Organization","@id":"https:\/\/aswal.ca\/#organization","name":"ASWAL","url":"https:\/\/aswal.ca\/","logo":{"@type":"ImageObject","inLanguage":"en-US","@id":"https:\/\/aswal.ca\/#\/schema\/logo\/image\/","url":"https:\/\/aswal.ca\/wp-content\/uploads\/2025\/09\/logo-aswal-registered.svg","contentUrl":"https:\/\/aswal.ca\/wp-content\/uploads\/2025\/09\/logo-aswal-registered.svg","width":594,"height":396,"caption":"ASWAL"},"image":{"@id":"https:\/\/aswal.ca\/#\/schema\/logo\/image\/"}}]}},"_links":{"self":[{"href":"https:\/\/aswal.ca\/en\/wp-json\/wp\/v2\/product\/598","targetHints":{"allow":["GET"]}}],"collection":[{"href":"https:\/\/aswal.ca\/en\/wp-json\/wp\/v2\/product"}],"about":[{"href":"https:\/\/aswal.ca\/en\/wp-json\/wp\/v2\/types\/product"}],"replies":[{"embeddable":true,"href":"https:\/\/aswal.ca\/en\/wp-json\/wp\/v2\/comments?post=598"}],"wp:featuredmedia":[{"embeddable":true,"href":"https:\/\/aswal.ca\/en\/wp-json\/wp\/v2\/media\/1933"}],"wp:attachment":[{"href":"https:\/\/aswal.ca\/en\/wp-json\/wp\/v2\/media?parent=598"}],"wp:term":[{"taxonomy":"product_brand","embeddable":true,"href":"https:\/\/aswal.ca\/en\/wp-json\/wp\/v2\/product_brand?post=598"},{"taxonomy":"product_cat","embeddable":true,"href":"https:\/\/aswal.ca\/en\/wp-json\/wp\/v2\/product_cat?post=598"},{"taxonomy":"product_tag","embeddable":true,"href":"https:\/\/aswal.ca\/en\/wp-json\/wp\/v2\/product_tag?post=598"}],"curies":[{"name":"wp","href":"https:\/\/api.w.org\/{rel}","templated":true}]}}