{"id":588,"date":"2025-09-05T17:45:09","date_gmt":"2025-09-05T17:45:09","guid":{"rendered":"https:\/\/aswal.devbob.co\/?post_type=product&#038;p=588"},"modified":"2025-09-25T20:19:22","modified_gmt":"2025-09-25T20:19:22","slug":"verre-en-papier-blanc-8-oz","status":"publish","type":"product","link":"https:\/\/aswal.ca\/en\/product\/verre-en-papier-blanc-8-oz\/","title":{"rendered":"White 8 oz Paper Cup"},"content":{"rendered":"<p>The 8 oz paper cup is the industry standard for hot beverages. It\u2019s designed to provide excellent insulation, keeping drinks at the ideal temperature without becoming too hot to hold. Its high-quality construction helps prevent leaks and maintains its shape, even with very hot liquids. Its clean, elegant design makes it a strong professional choice\u2014and easy to customize if needed<\/p>","protected":false},"excerpt":{"rendered":"<p>The standard cup for hot beverages\u2014ideal for coffee, tea, and hot chocolate, and a favorite in caf\u00e9s and offices.<\/p>\n<ul>\n<li>Standard size for hot beverages.<\/li>\n<li>Sturdy and leak-resistant.<\/li>\n<li>Commonly used in caf\u00e9s and businesses.<\/li>\n<\/ul>","protected":false},"featured_media":1931,"comment_status":"open","ping_status":"closed","template":"","meta":[],"product_brand":[],"product_cat":[66],"product_tag":[],"class_list":{"0":"post-588","1":"product","2":"type-product","3":"status-publish","4":"has-post-thumbnail","6":"product_cat-verres-en-papier","8":"first","9":"instock","10":"shipping-taxable","11":"product-type-simple"},"yoast_head":"<!-- This site is optimized with the Yoast SEO plugin v25.9 - https:\/\/yoast.com\/wordpress\/plugins\/seo\/ -->\n<title>Verre en papier: Id\u00e9al pour boissons chaudes | ASWAL<\/title>\n<meta name=\"description\" content=\"D\u00e9couvrez notre verre en papier de 8 oz, id\u00e9al pour vos boissons chaudes. Profitez d&#039;une excellente isolation et d&#039;une qualit\u00e9 sup\u00e9rieure!\" \/>\n<meta name=\"robots\" content=\"index, follow, max-snippet:-1, max-image-preview:large, max-video-preview:-1\" \/>\n<link rel=\"canonical\" href=\"https:\/\/aswal.ca\/en\/product\/verre-en-papier-blanc-8-oz\/\" \/>\n<meta property=\"og:locale\" content=\"en_US\" \/>\n<meta property=\"og:type\" content=\"article\" \/>\n<meta property=\"og:title\" content=\"Verre en papier: Id\u00e9al pour boissons chaudes | ASWAL\" \/>\n<meta property=\"og:description\" content=\"D\u00e9couvrez notre verre en papier de 8 oz, id\u00e9al pour vos boissons chaudes. Profitez d&#039;une excellente isolation et d&#039;une qualit\u00e9 sup\u00e9rieure!\" \/>\n<meta property=\"og:url\" content=\"https:\/\/aswal.ca\/en\/product\/verre-en-papier-blanc-8-oz\/\" \/>\n<meta property=\"og:site_name\" content=\"ASWAL\" \/>\n<meta property=\"article:modified_time\" content=\"2025-09-25T20:19:22+00:00\" \/>\n<meta property=\"og:image\" content=\"https:\/\/aswal.ca\/wp-content\/uploads\/2025\/09\/8-oz-e1758649304849.png\" \/>\n\t<meta property=\"og:image:width\" content=\"940\" \/>\n\t<meta property=\"og:image:height\" content=\"940\" \/>\n\t<meta property=\"og:image:type\" content=\"image\/png\" \/>\n<meta name=\"twitter:card\" content=\"summary_large_image\" \/>\n<meta name=\"twitter:label1\" content=\"Est. reading time\" \/>\n\t<meta name=\"twitter:data1\" content=\"1 minute\" \/>\n<script type=\"application\/ld+json\" class=\"yoast-schema-graph\">{\"@context\":\"https:\/\/schema.org\",\"@graph\":[{\"@type\":\"WebPage\",\"@id\":\"https:\/\/aswal.ca\/product\/verre-en-papier-blanc-8-oz\/\",\"url\":\"https:\/\/aswal.ca\/product\/verre-en-papier-blanc-8-oz\/\",\"name\":\"Verre en papier: Id\u00e9al pour boissons chaudes | ASWAL\",\"isPartOf\":{\"@id\":\"https:\/\/aswal.ca\/#website\"},\"primaryImageOfPage\":{\"@id\":\"https:\/\/aswal.ca\/product\/verre-en-papier-blanc-8-oz\/#primaryimage\"},\"image\":{\"@id\":\"https:\/\/aswal.ca\/product\/verre-en-papier-blanc-8-oz\/#primaryimage\"},\"thumbnailUrl\":\"https:\/\/aswal.ca\/wp-content\/uploads\/2025\/09\/8-oz-e1758649304849.png\",\"datePublished\":\"2025-09-05T17:45:09+00:00\",\"dateModified\":\"2025-09-25T20:19:22+00:00\",\"description\":\"D\u00e9couvrez notre verre en papier de 8 oz, id\u00e9al pour vos boissons chaudes. Profitez d'une excellente isolation et d'une qualit\u00e9 sup\u00e9rieure!\",\"breadcrumb\":{\"@id\":\"https:\/\/aswal.ca\/product\/verre-en-papier-blanc-8-oz\/#breadcrumb\"},\"inLanguage\":\"en-US\",\"potentialAction\":[{\"@type\":\"ReadAction\",\"target\":[\"https:\/\/aswal.ca\/product\/verre-en-papier-blanc-8-oz\/\"]}]},{\"@type\":\"ImageObject\",\"inLanguage\":\"en-US\",\"@id\":\"https:\/\/aswal.ca\/product\/verre-en-papier-blanc-8-oz\/#primaryimage\",\"url\":\"https:\/\/aswal.ca\/wp-content\/uploads\/2025\/09\/8-oz-e1758649304849.png\",\"contentUrl\":\"https:\/\/aswal.ca\/wp-content\/uploads\/2025\/09\/8-oz-e1758649304849.png\",\"width\":940,\"height\":940},{\"@type\":\"BreadcrumbList\",\"@id\":\"https:\/\/aswal.ca\/product\/verre-en-papier-blanc-8-oz\/#breadcrumb\",\"itemListElement\":[{\"@type\":\"ListItem\",\"position\":1,\"name\":\"Home\",\"item\":\"https:\/\/aswal.ca\/\"},{\"@type\":\"ListItem\",\"position\":2,\"name\":\"Shop\",\"item\":\"https:\/\/aswal.ca\/shop\/\"},{\"@type\":\"ListItem\",\"position\":3,\"name\":\"Verre en papier blanc 8 oz\"}]},{\"@type\":\"WebSite\",\"@id\":\"https:\/\/aswal.ca\/#website\",\"url\":\"https:\/\/aswal.ca\/\",\"name\":\"ASWAL\",\"description\":\"Verres en papier canadiens\",\"publisher\":{\"@id\":\"https:\/\/aswal.ca\/#organization\"},\"potentialAction\":[{\"@type\":\"SearchAction\",\"target\":{\"@type\":\"EntryPoint\",\"urlTemplate\":\"https:\/\/aswal.ca\/?s={search_term_string}\"},\"query-input\":{\"@type\":\"PropertyValueSpecification\",\"valueRequired\":true,\"valueName\":\"search_term_string\"}}],\"inLanguage\":\"en-US\"},{\"@type\":\"Organization\",\"@id\":\"https:\/\/aswal.ca\/#organization\",\"name\":\"ASWAL\",\"url\":\"https:\/\/aswal.ca\/\",\"logo\":{\"@type\":\"ImageObject\",\"inLanguage\":\"en-US\",\"@id\":\"https:\/\/aswal.ca\/#\/schema\/logo\/image\/\",\"url\":\"https:\/\/aswal.ca\/wp-content\/uploads\/2025\/09\/logo-aswal-registered.svg\",\"contentUrl\":\"https:\/\/aswal.ca\/wp-content\/uploads\/2025\/09\/logo-aswal-registered.svg\",\"width\":594,\"height\":396,\"caption\":\"ASWAL\"},\"image\":{\"@id\":\"https:\/\/aswal.ca\/#\/schema\/logo\/image\/\"}}]}<\/script>\n<!-- \/ Yoast SEO plugin. -->","yoast_head_json":{"title":"Verre en papier: Id\u00e9al pour boissons chaudes | ASWAL","description":"D\u00e9couvrez notre verre en papier de 8 oz, id\u00e9al pour vos boissons chaudes. Profitez d'une excellente isolation et d'une qualit\u00e9 sup\u00e9rieure!","robots":{"index":"index","follow":"follow","max-snippet":"max-snippet:-1","max-image-preview":"max-image-preview:large","max-video-preview":"max-video-preview:-1"},"canonical":"https:\/\/aswal.ca\/en\/product\/verre-en-papier-blanc-8-oz\/","og_locale":"en_US","og_type":"article","og_title":"Verre en papier: Id\u00e9al pour boissons chaudes | ASWAL","og_description":"D\u00e9couvrez notre verre en papier de 8 oz, id\u00e9al pour vos boissons chaudes. Profitez d'une excellente isolation et d'une qualit\u00e9 sup\u00e9rieure!","og_url":"https:\/\/aswal.ca\/en\/product\/verre-en-papier-blanc-8-oz\/","og_site_name":"ASWAL","article_modified_time":"2025-09-25T20:19:22+00:00","og_image":[{"width":940,"height":940,"url":"https:\/\/aswal.ca\/wp-content\/uploads\/2025\/09\/8-oz-e1758649304849.png","type":"image\/png"}],"twitter_card":"summary_large_image","twitter_misc":{"Est. reading time":"1 minute"},"schema":{"@context":"https:\/\/schema.org","@graph":[{"@type":"WebPage","@id":"https:\/\/aswal.ca\/product\/verre-en-papier-blanc-8-oz\/","url":"https:\/\/aswal.ca\/product\/verre-en-papier-blanc-8-oz\/","name":"Verre en papier: Id\u00e9al pour boissons chaudes | ASWAL","isPartOf":{"@id":"https:\/\/aswal.ca\/#website"},"primaryImageOfPage":{"@id":"https:\/\/aswal.ca\/product\/verre-en-papier-blanc-8-oz\/#primaryimage"},"image":{"@id":"https:\/\/aswal.ca\/product\/verre-en-papier-blanc-8-oz\/#primaryimage"},"thumbnailUrl":"https:\/\/aswal.ca\/wp-content\/uploads\/2025\/09\/8-oz-e1758649304849.png","datePublished":"2025-09-05T17:45:09+00:00","dateModified":"2025-09-25T20:19:22+00:00","description":"D\u00e9couvrez notre verre en papier de 8 oz, id\u00e9al pour vos boissons chaudes. Profitez d'une excellente isolation et d'une qualit\u00e9 sup\u00e9rieure!","breadcrumb":{"@id":"https:\/\/aswal.ca\/product\/verre-en-papier-blanc-8-oz\/#breadcrumb"},"inLanguage":"en-US","potentialAction":[{"@type":"ReadAction","target":["https:\/\/aswal.ca\/product\/verre-en-papier-blanc-8-oz\/"]}]},{"@type":"ImageObject","inLanguage":"en-US","@id":"https:\/\/aswal.ca\/product\/verre-en-papier-blanc-8-oz\/#primaryimage","url":"https:\/\/aswal.ca\/wp-content\/uploads\/2025\/09\/8-oz-e1758649304849.png","contentUrl":"https:\/\/aswal.ca\/wp-content\/uploads\/2025\/09\/8-oz-e1758649304849.png","width":940,"height":940},{"@type":"BreadcrumbList","@id":"https:\/\/aswal.ca\/product\/verre-en-papier-blanc-8-oz\/#breadcrumb","itemListElement":[{"@type":"ListItem","position":1,"name":"Home","item":"https:\/\/aswal.ca\/"},{"@type":"ListItem","position":2,"name":"Shop","item":"https:\/\/aswal.ca\/shop\/"},{"@type":"ListItem","position":3,"name":"Verre en papier blanc 8 oz"}]},{"@type":"WebSite","@id":"https:\/\/aswal.ca\/#website","url":"https:\/\/aswal.ca\/","name":"ASWAL","description":"Verres en papier canadiens","publisher":{"@id":"https:\/\/aswal.ca\/#organization"},"potentialAction":[{"@type":"SearchAction","target":{"@type":"EntryPoint","urlTemplate":"https:\/\/aswal.ca\/?s={search_term_string}"},"query-input":{"@type":"PropertyValueSpecification","valueRequired":true,"valueName":"search_term_string"}}],"inLanguage":"en-US"},{"@type":"Organization","@id":"https:\/\/aswal.ca\/#organization","name":"ASWAL","url":"https:\/\/aswal.ca\/","logo":{"@type":"ImageObject","inLanguage":"en-US","@id":"https:\/\/aswal.ca\/#\/schema\/logo\/image\/","url":"https:\/\/aswal.ca\/wp-content\/uploads\/2025\/09\/logo-aswal-registered.svg","contentUrl":"https:\/\/aswal.ca\/wp-content\/uploads\/2025\/09\/logo-aswal-registered.svg","width":594,"height":396,"caption":"ASWAL"},"image":{"@id":"https:\/\/aswal.ca\/#\/schema\/logo\/image\/"}}]}},"_links":{"self":[{"href":"https:\/\/aswal.ca\/en\/wp-json\/wp\/v2\/product\/588","targetHints":{"allow":["GET"]}}],"collection":[{"href":"https:\/\/aswal.ca\/en\/wp-json\/wp\/v2\/product"}],"about":[{"href":"https:\/\/aswal.ca\/en\/wp-json\/wp\/v2\/types\/product"}],"replies":[{"embeddable":true,"href":"https:\/\/aswal.ca\/en\/wp-json\/wp\/v2\/comments?post=588"}],"wp:featuredmedia":[{"embeddable":true,"href":"https:\/\/aswal.ca\/en\/wp-json\/wp\/v2\/media\/1931"}],"wp:attachment":[{"href":"https:\/\/aswal.ca\/en\/wp-json\/wp\/v2\/media?parent=588"}],"wp:term":[{"taxonomy":"product_brand","embeddable":true,"href":"https:\/\/aswal.ca\/en\/wp-json\/wp\/v2\/product_brand?post=588"},{"taxonomy":"product_cat","embeddable":true,"href":"https:\/\/aswal.ca\/en\/wp-json\/wp\/v2\/product_cat?post=588"},{"taxonomy":"product_tag","embeddable":true,"href":"https:\/\/aswal.ca\/en\/wp-json\/wp\/v2\/product_tag?post=588"}],"curies":[{"name":"wp","href":"https:\/\/api.w.org\/{rel}","templated":true}]}}