{"id":1276,"date":"2025-09-12T19:44:42","date_gmt":"2025-09-12T19:44:42","guid":{"rendered":"https:\/\/aswal.devbob.co\/?post_type=product&#038;p=1276"},"modified":"2025-09-25T20:17:16","modified_gmt":"2025-09-25T20:17:16","slug":"couvercle-blanc-universel-pour-gobelets-5-7-oz","status":"publish","type":"product","link":"https:\/\/aswal.ca\/en\/product\/couvercle-blanc-universel-pour-gobelets-5-7-oz\/","title":{"rendered":"Universal White Lid for 5\u20137 oz Cups (1,000 units)"},"content":{"rendered":"<p>Designed to fit our 5 oz and 7 oz paper cups perfectly (and some 8 oz cups with a similar larger rim diameter), this universal white lid is an essential accessory for any drink to go. Made from high quality materials, it provides a secure closure that helps minimize spills ensuring a smooth, hassle free customer experience. Its design includes a small sip opening for easy on-the-go drinking, as well as a slot if you prefer to add a straw.<\/p>\n<p>&nbsp;<\/p>","protected":false},"excerpt":{"rendered":"<p>This universal white lid ensures secure, spill free transport for your small cups, helping keep beverages warm longer.<\/p>\n<ul>\n<li>Spill resistant protection.<\/li>\n<li>Helps retain heat.<\/li>\n<li>Perfect fit for 5\u20137 oz cups.<\/li>\n<\/ul>","protected":false},"featured_media":1937,"comment_status":"open","ping_status":"closed","template":"","meta":[],"product_brand":[],"product_cat":[64],"product_tag":[],"class_list":{"0":"post-1276","1":"product","2":"type-product","3":"status-publish","4":"has-post-thumbnail","6":"product_cat-couvercle","8":"first","9":"instock","10":"shipping-taxable","11":"product-type-simple"},"yoast_head":"<!-- This site is optimized with the Yoast SEO plugin v25.9 - https:\/\/yoast.com\/wordpress\/plugins\/seo\/ -->\n<title>Couvercle Blanc Universel pour Gobelets 5-7 oz (1000 unit\u00e9s) | ASWAL<\/title>\n<meta name=\"robots\" content=\"index, follow, max-snippet:-1, max-image-preview:large, max-video-preview:-1\" \/>\n<link rel=\"canonical\" href=\"https:\/\/aswal.ca\/en\/product\/couvercle-blanc-universel-pour-gobelets-5-7-oz\/\" \/>\n<meta property=\"og:locale\" content=\"en_US\" \/>\n<meta property=\"og:type\" content=\"article\" \/>\n<meta property=\"og:title\" content=\"Couvercle Blanc Universel pour Gobelets 5-7 oz (1000 unit\u00e9s) | ASWAL\" \/>\n<meta property=\"og:description\" content=\"Ce couvercle blanc universel assure un transport s\u00e9curis\u00e9 et sans d\u00e9versement pour vos gobelets de petite taille, gardant les boissons au chaud plus longtemps.   S\u00e9curit\u00e9 anti-d\u00e9versement.  Maintien de la temp\u00e9rature.  Ajustement parfait pour gobelets 5-7 oz.\" \/>\n<meta property=\"og:url\" content=\"https:\/\/aswal.ca\/en\/product\/couvercle-blanc-universel-pour-gobelets-5-7-oz\/\" \/>\n<meta property=\"og:site_name\" content=\"ASWAL\" \/>\n<meta property=\"article:modified_time\" content=\"2025-09-25T20:17:16+00:00\" \/>\n<meta property=\"og:image\" content=\"https:\/\/aswal.ca\/wp-content\/uploads\/2025\/09\/couvercle.png\" \/>\n\t<meta property=\"og:image:width\" content=\"940\" \/>\n\t<meta property=\"og:image:height\" content=\"940\" \/>\n\t<meta property=\"og:image:type\" content=\"image\/png\" \/>\n<meta name=\"twitter:card\" content=\"summary_large_image\" \/>\n<meta name=\"twitter:label1\" content=\"Est. reading time\" \/>\n\t<meta name=\"twitter:data1\" content=\"1 minute\" \/>\n<script type=\"application\/ld+json\" class=\"yoast-schema-graph\">{\"@context\":\"https:\/\/schema.org\",\"@graph\":[{\"@type\":\"WebPage\",\"@id\":\"https:\/\/aswal.ca\/product\/couvercle-blanc-universel-pour-gobelets-5-7-oz\/\",\"url\":\"https:\/\/aswal.ca\/product\/couvercle-blanc-universel-pour-gobelets-5-7-oz\/\",\"name\":\"Couvercle Blanc Universel pour Gobelets 5-7 oz (1000 unit\u00e9s) | ASWAL\",\"isPartOf\":{\"@id\":\"https:\/\/aswal.ca\/#website\"},\"primaryImageOfPage\":{\"@id\":\"https:\/\/aswal.ca\/product\/couvercle-blanc-universel-pour-gobelets-5-7-oz\/#primaryimage\"},\"image\":{\"@id\":\"https:\/\/aswal.ca\/product\/couvercle-blanc-universel-pour-gobelets-5-7-oz\/#primaryimage\"},\"thumbnailUrl\":\"https:\/\/aswal.ca\/wp-content\/uploads\/2025\/09\/couvercle.png\",\"datePublished\":\"2025-09-12T19:44:42+00:00\",\"dateModified\":\"2025-09-25T20:17:16+00:00\",\"breadcrumb\":{\"@id\":\"https:\/\/aswal.ca\/product\/couvercle-blanc-universel-pour-gobelets-5-7-oz\/#breadcrumb\"},\"inLanguage\":\"en-US\",\"potentialAction\":[{\"@type\":\"ReadAction\",\"target\":[\"https:\/\/aswal.ca\/product\/couvercle-blanc-universel-pour-gobelets-5-7-oz\/\"]}]},{\"@type\":\"ImageObject\",\"inLanguage\":\"en-US\",\"@id\":\"https:\/\/aswal.ca\/product\/couvercle-blanc-universel-pour-gobelets-5-7-oz\/#primaryimage\",\"url\":\"https:\/\/aswal.ca\/wp-content\/uploads\/2025\/09\/couvercle.png\",\"contentUrl\":\"https:\/\/aswal.ca\/wp-content\/uploads\/2025\/09\/couvercle.png\",\"width\":940,\"height\":940},{\"@type\":\"BreadcrumbList\",\"@id\":\"https:\/\/aswal.ca\/product\/couvercle-blanc-universel-pour-gobelets-5-7-oz\/#breadcrumb\",\"itemListElement\":[{\"@type\":\"ListItem\",\"position\":1,\"name\":\"Home\",\"item\":\"https:\/\/aswal.ca\/\"},{\"@type\":\"ListItem\",\"position\":2,\"name\":\"Shop\",\"item\":\"https:\/\/aswal.ca\/shop\/\"},{\"@type\":\"ListItem\",\"position\":3,\"name\":\"Couvercle Blanc Universel pour Gobelets 5-7 oz (1000 unit\u00e9s)\"}]},{\"@type\":\"WebSite\",\"@id\":\"https:\/\/aswal.ca\/#website\",\"url\":\"https:\/\/aswal.ca\/\",\"name\":\"ASWAL\",\"description\":\"Verres en papier canadiens\",\"publisher\":{\"@id\":\"https:\/\/aswal.ca\/#organization\"},\"potentialAction\":[{\"@type\":\"SearchAction\",\"target\":{\"@type\":\"EntryPoint\",\"urlTemplate\":\"https:\/\/aswal.ca\/?s={search_term_string}\"},\"query-input\":{\"@type\":\"PropertyValueSpecification\",\"valueRequired\":true,\"valueName\":\"search_term_string\"}}],\"inLanguage\":\"en-US\"},{\"@type\":\"Organization\",\"@id\":\"https:\/\/aswal.ca\/#organization\",\"name\":\"ASWAL\",\"url\":\"https:\/\/aswal.ca\/\",\"logo\":{\"@type\":\"ImageObject\",\"inLanguage\":\"en-US\",\"@id\":\"https:\/\/aswal.ca\/#\/schema\/logo\/image\/\",\"url\":\"https:\/\/aswal.ca\/wp-content\/uploads\/2025\/09\/logo-aswal-registered.svg\",\"contentUrl\":\"https:\/\/aswal.ca\/wp-content\/uploads\/2025\/09\/logo-aswal-registered.svg\",\"width\":594,\"height\":396,\"caption\":\"ASWAL\"},\"image\":{\"@id\":\"https:\/\/aswal.ca\/#\/schema\/logo\/image\/\"}}]}<\/script>\n<!-- \/ Yoast SEO plugin. -->","yoast_head_json":{"title":"Couvercle Blanc Universel pour Gobelets 5-7 oz (1000 unit\u00e9s) | ASWAL","robots":{"index":"index","follow":"follow","max-snippet":"max-snippet:-1","max-image-preview":"max-image-preview:large","max-video-preview":"max-video-preview:-1"},"canonical":"https:\/\/aswal.ca\/en\/product\/couvercle-blanc-universel-pour-gobelets-5-7-oz\/","og_locale":"en_US","og_type":"article","og_title":"Couvercle Blanc Universel pour Gobelets 5-7 oz (1000 unit\u00e9s) | ASWAL","og_description":"Ce couvercle blanc universel assure un transport s\u00e9curis\u00e9 et sans d\u00e9versement pour vos gobelets de petite taille, gardant les boissons au chaud plus longtemps.   S\u00e9curit\u00e9 anti-d\u00e9versement.  Maintien de la temp\u00e9rature.  Ajustement parfait pour gobelets 5-7 oz.","og_url":"https:\/\/aswal.ca\/en\/product\/couvercle-blanc-universel-pour-gobelets-5-7-oz\/","og_site_name":"ASWAL","article_modified_time":"2025-09-25T20:17:16+00:00","og_image":[{"width":940,"height":940,"url":"https:\/\/aswal.ca\/wp-content\/uploads\/2025\/09\/couvercle.png","type":"image\/png"}],"twitter_card":"summary_large_image","twitter_misc":{"Est. reading time":"1 minute"},"schema":{"@context":"https:\/\/schema.org","@graph":[{"@type":"WebPage","@id":"https:\/\/aswal.ca\/product\/couvercle-blanc-universel-pour-gobelets-5-7-oz\/","url":"https:\/\/aswal.ca\/product\/couvercle-blanc-universel-pour-gobelets-5-7-oz\/","name":"Couvercle Blanc Universel pour Gobelets 5-7 oz (1000 unit\u00e9s) | ASWAL","isPartOf":{"@id":"https:\/\/aswal.ca\/#website"},"primaryImageOfPage":{"@id":"https:\/\/aswal.ca\/product\/couvercle-blanc-universel-pour-gobelets-5-7-oz\/#primaryimage"},"image":{"@id":"https:\/\/aswal.ca\/product\/couvercle-blanc-universel-pour-gobelets-5-7-oz\/#primaryimage"},"thumbnailUrl":"https:\/\/aswal.ca\/wp-content\/uploads\/2025\/09\/couvercle.png","datePublished":"2025-09-12T19:44:42+00:00","dateModified":"2025-09-25T20:17:16+00:00","breadcrumb":{"@id":"https:\/\/aswal.ca\/product\/couvercle-blanc-universel-pour-gobelets-5-7-oz\/#breadcrumb"},"inLanguage":"en-US","potentialAction":[{"@type":"ReadAction","target":["https:\/\/aswal.ca\/product\/couvercle-blanc-universel-pour-gobelets-5-7-oz\/"]}]},{"@type":"ImageObject","inLanguage":"en-US","@id":"https:\/\/aswal.ca\/product\/couvercle-blanc-universel-pour-gobelets-5-7-oz\/#primaryimage","url":"https:\/\/aswal.ca\/wp-content\/uploads\/2025\/09\/couvercle.png","contentUrl":"https:\/\/aswal.ca\/wp-content\/uploads\/2025\/09\/couvercle.png","width":940,"height":940},{"@type":"BreadcrumbList","@id":"https:\/\/aswal.ca\/product\/couvercle-blanc-universel-pour-gobelets-5-7-oz\/#breadcrumb","itemListElement":[{"@type":"ListItem","position":1,"name":"Home","item":"https:\/\/aswal.ca\/"},{"@type":"ListItem","position":2,"name":"Shop","item":"https:\/\/aswal.ca\/shop\/"},{"@type":"ListItem","position":3,"name":"Couvercle Blanc Universel pour Gobelets 5-7 oz (1000 unit\u00e9s)"}]},{"@type":"WebSite","@id":"https:\/\/aswal.ca\/#website","url":"https:\/\/aswal.ca\/","name":"ASWAL","description":"Verres en papier canadiens","publisher":{"@id":"https:\/\/aswal.ca\/#organization"},"potentialAction":[{"@type":"SearchAction","target":{"@type":"EntryPoint","urlTemplate":"https:\/\/aswal.ca\/?s={search_term_string}"},"query-input":{"@type":"PropertyValueSpecification","valueRequired":true,"valueName":"search_term_string"}}],"inLanguage":"en-US"},{"@type":"Organization","@id":"https:\/\/aswal.ca\/#organization","name":"ASWAL","url":"https:\/\/aswal.ca\/","logo":{"@type":"ImageObject","inLanguage":"en-US","@id":"https:\/\/aswal.ca\/#\/schema\/logo\/image\/","url":"https:\/\/aswal.ca\/wp-content\/uploads\/2025\/09\/logo-aswal-registered.svg","contentUrl":"https:\/\/aswal.ca\/wp-content\/uploads\/2025\/09\/logo-aswal-registered.svg","width":594,"height":396,"caption":"ASWAL"},"image":{"@id":"https:\/\/aswal.ca\/#\/schema\/logo\/image\/"}}]}},"_links":{"self":[{"href":"https:\/\/aswal.ca\/en\/wp-json\/wp\/v2\/product\/1276","targetHints":{"allow":["GET"]}}],"collection":[{"href":"https:\/\/aswal.ca\/en\/wp-json\/wp\/v2\/product"}],"about":[{"href":"https:\/\/aswal.ca\/en\/wp-json\/wp\/v2\/types\/product"}],"replies":[{"embeddable":true,"href":"https:\/\/aswal.ca\/en\/wp-json\/wp\/v2\/comments?post=1276"}],"wp:featuredmedia":[{"embeddable":true,"href":"https:\/\/aswal.ca\/en\/wp-json\/wp\/v2\/media\/1937"}],"wp:attachment":[{"href":"https:\/\/aswal.ca\/en\/wp-json\/wp\/v2\/media?parent=1276"}],"wp:term":[{"taxonomy":"product_brand","embeddable":true,"href":"https:\/\/aswal.ca\/en\/wp-json\/wp\/v2\/product_brand?post=1276"},{"taxonomy":"product_cat","embeddable":true,"href":"https:\/\/aswal.ca\/en\/wp-json\/wp\/v2\/product_cat?post=1276"},{"taxonomy":"product_tag","embeddable":true,"href":"https:\/\/aswal.ca\/en\/wp-json\/wp\/v2\/product_tag?post=1276"}],"curies":[{"name":"wp","href":"https:\/\/api.w.org\/{rel}","templated":true}]}}