{"id":83,"date":"2025-09-02T17:22:57","date_gmt":"2025-09-02T17:22:57","guid":{"rendered":"https:\/\/aswal.devbob.co\/cart\/"},"modified":"2025-09-18T16:34:32","modified_gmt":"2025-09-18T16:34:32","slug":"cart","status":"publish","type":"page","link":"https:\/\/aswal.ca\/en\/cart\/","title":{"rendered":"Cart"},"content":{"rendered":"<div data-elementor-type=\"wp-page\" data-elementor-id=\"83\" class=\"elementor elementor-83\" data-elementor-post-type=\"page\">\n\t\t\t\t<div class=\"elementor-element elementor-element-6e854d49 e-flex e-con-boxed e-con e-parent\" data-id=\"6e854d49\" data-element_type=\"container\">\n\t\t\t\t\t<div class=\"e-con-inner\">\n\t\t\t\t<div class=\"elementor-element elementor-element-8305ec4 elementor-widget elementor-widget-eael-woo-cart\" data-id=\"8305ec4\" data-element_type=\"widget\" data-settings=\"{&quot;eael_woo_cart_components_continue_shopping_icon&quot;:{&quot;value&quot;:&quot;fas fa-chevron-left&quot;,&quot;library&quot;:&quot;fa-solid&quot;}}\" data-widget_type=\"eael-woo-cart.default\">\n\t\t\t\t\t\t\t\t\t<div class=\"eael-woo-cart-wrapper eael-woo-cart-empty eael-woo-default eael-auto-update33\">\n\t\t\t\t<div class=\"woocommerce-notices-wrapper\"><\/div><div class=\"wc-empty-cart-message\">\n\t<div class=\"cart-empty woocommerce-info\">\n\t\tYour cart is currently empty.\t<\/div>\n<\/div>\t<p class=\"return-to-shop\">\n\t\t<a class=\"button wc-backward\" href=\"https:\/\/aswal.ca\/en\/shop\/\">\n\t\t\tReturn to shop\t\t<\/a>\n\t<\/p>\n                <\/div>\n\t\t\t\t        <script>document.body.classList.add(\"eael-woo-cart\");<\/script>\n\t\t\t\t\t\t<\/div>\n\t\t\t\t\t<\/div>\n\t\t\t\t<\/div>\n\t\t\t\t<\/div>","protected":false},"excerpt":{"rendered":"<p>Product Price Quantity Total Couvercle Blanc \u00e0 D\u00f4me pour Gobelets 8-10 oz &#36;30.00 quantit\u00e9 de Couvercle Blanc \u00e0 D\u00f4me pour Gobelets 8-10 oz &#36;30.00 Coupon: Apply Coupon Continue Shopping Update Cart Total panier Sous-total &#36;30.00 Total &#36;30.00 Valider la commande<\/p>","protected":false},"author":2,"featured_media":0,"parent":0,"menu_order":0,"comment_status":"closed","ping_status":"closed","template":"","meta":{"footnotes":""},"class_list":["post-83","page","type-page","status-publish","hentry"],"yoast_head":"<!-- This site is optimized with the Yoast SEO plugin v25.9 - https:\/\/yoast.com\/wordpress\/plugins\/seo\/ -->\n<title>Cart | ASWAL<\/title>\n<meta name=\"robots\" content=\"index, follow, max-snippet:-1, max-image-preview:large, max-video-preview:-1\" \/>\n<link rel=\"canonical\" href=\"https:\/\/aswal.ca\/en\/cart\/\" \/>\n<meta property=\"og:locale\" content=\"en_US\" \/>\n<meta property=\"og:type\" content=\"article\" \/>\n<meta property=\"og:title\" content=\"Cart | ASWAL\" \/>\n<meta property=\"og:description\" content=\"Product Price Quantity Total Couvercle Blanc \u00e0 D\u00f4me pour Gobelets 8-10 oz &#036;30.00 quantit\u00e9 de Couvercle Blanc \u00e0 D\u00f4me pour Gobelets 8-10 oz &#036;30.00 Coupon: Apply Coupon Continue Shopping Update Cart Total panier Sous-total &#036;30.00 Total &#036;30.00 Valider la commande\" \/>\n<meta property=\"og:url\" content=\"https:\/\/aswal.ca\/en\/cart\/\" \/>\n<meta property=\"og:site_name\" content=\"ASWAL\" \/>\n<meta property=\"article:modified_time\" content=\"2025-09-18T16:34:32+00:00\" \/>\n<meta property=\"og:image\" content=\"https:\/\/aswal.ca\/wp-content\/uploads\/2025\/09\/Coffee-lid-aswal@1.5x-e1756920553296-300x300.png\" \/>\n<meta name=\"twitter:card\" content=\"summary_large_image\" \/>\n<meta name=\"twitter:label1\" content=\"Est. reading time\" \/>\n\t<meta name=\"twitter:data1\" content=\"1 minute\" \/>\n<script type=\"application\/ld+json\" class=\"yoast-schema-graph\">{\"@context\":\"https:\/\/schema.org\",\"@graph\":[{\"@type\":\"WebPage\",\"@id\":\"https:\/\/aswal.ca\/cart\/\",\"url\":\"https:\/\/aswal.ca\/cart\/\",\"name\":\"Cart | ASWAL\",\"isPartOf\":{\"@id\":\"https:\/\/aswal.ca\/#website\"},\"primaryImageOfPage\":{\"@id\":\"https:\/\/aswal.ca\/cart\/#primaryimage\"},\"image\":{\"@id\":\"https:\/\/aswal.ca\/cart\/#primaryimage\"},\"thumbnailUrl\":\"https:\/\/aswal.ca\/wp-content\/uploads\/2025\/09\/Coffee-lid-aswal@1.5x-e1756920553296-300x300.png\",\"datePublished\":\"2025-09-02T17:22:57+00:00\",\"dateModified\":\"2025-09-18T16:34:32+00:00\",\"breadcrumb\":{\"@id\":\"https:\/\/aswal.ca\/cart\/#breadcrumb\"},\"inLanguage\":\"en-US\",\"potentialAction\":[{\"@type\":\"ReadAction\",\"target\":[\"https:\/\/aswal.ca\/cart\/\"]}]},{\"@type\":\"ImageObject\",\"inLanguage\":\"en-US\",\"@id\":\"https:\/\/aswal.ca\/cart\/#primaryimage\",\"url\":\"https:\/\/aswal.ca\/wp-content\/uploads\/2025\/09\/Coffee-lid-aswal@1.5x-e1756920553296-300x300.png\",\"contentUrl\":\"https:\/\/aswal.ca\/wp-content\/uploads\/2025\/09\/Coffee-lid-aswal@1.5x-e1756920553296-300x300.png\"},{\"@type\":\"BreadcrumbList\",\"@id\":\"https:\/\/aswal.ca\/cart\/#breadcrumb\",\"itemListElement\":[{\"@type\":\"ListItem\",\"position\":1,\"name\":\"Home\",\"item\":\"https:\/\/aswal.ca\/\"},{\"@type\":\"ListItem\",\"position\":2,\"name\":\"Cart\"}]},{\"@type\":\"WebSite\",\"@id\":\"https:\/\/aswal.ca\/#website\",\"url\":\"https:\/\/aswal.ca\/\",\"name\":\"ASWAL\",\"description\":\"Verres en papier canadiens\",\"publisher\":{\"@id\":\"https:\/\/aswal.ca\/#organization\"},\"potentialAction\":[{\"@type\":\"SearchAction\",\"target\":{\"@type\":\"EntryPoint\",\"urlTemplate\":\"https:\/\/aswal.ca\/?s={search_term_string}\"},\"query-input\":{\"@type\":\"PropertyValueSpecification\",\"valueRequired\":true,\"valueName\":\"search_term_string\"}}],\"inLanguage\":\"en-US\"},{\"@type\":\"Organization\",\"@id\":\"https:\/\/aswal.ca\/#organization\",\"name\":\"ASWAL\",\"url\":\"https:\/\/aswal.ca\/\",\"logo\":{\"@type\":\"ImageObject\",\"inLanguage\":\"en-US\",\"@id\":\"https:\/\/aswal.ca\/#\/schema\/logo\/image\/\",\"url\":\"https:\/\/aswal.ca\/wp-content\/uploads\/2025\/09\/logo-aswal-registered.svg\",\"contentUrl\":\"https:\/\/aswal.ca\/wp-content\/uploads\/2025\/09\/logo-aswal-registered.svg\",\"width\":594,\"height\":396,\"caption\":\"ASWAL\"},\"image\":{\"@id\":\"https:\/\/aswal.ca\/#\/schema\/logo\/image\/\"}}]}<\/script>\n<!-- \/ Yoast SEO plugin. -->","yoast_head_json":{"title":"Cart | ASWAL","robots":{"index":"index","follow":"follow","max-snippet":"max-snippet:-1","max-image-preview":"max-image-preview:large","max-video-preview":"max-video-preview:-1"},"canonical":"https:\/\/aswal.ca\/en\/cart\/","og_locale":"en_US","og_type":"article","og_title":"Cart | ASWAL","og_description":"Product Price Quantity Total Couvercle Blanc \u00e0 D\u00f4me pour Gobelets 8-10 oz &#36;30.00 quantit\u00e9 de Couvercle Blanc \u00e0 D\u00f4me pour Gobelets 8-10 oz &#36;30.00 Coupon: Apply Coupon Continue Shopping Update Cart Total panier Sous-total &#36;30.00 Total &#36;30.00 Valider la commande","og_url":"https:\/\/aswal.ca\/en\/cart\/","og_site_name":"ASWAL","article_modified_time":"2025-09-18T16:34:32+00:00","og_image":[{"url":"https:\/\/aswal.ca\/wp-content\/uploads\/2025\/09\/Coffee-lid-aswal@1.5x-e1756920553296-300x300.png","type":"","width":"","height":""}],"twitter_card":"summary_large_image","twitter_misc":{"Est. reading time":"1 minute"},"schema":{"@context":"https:\/\/schema.org","@graph":[{"@type":"WebPage","@id":"https:\/\/aswal.ca\/cart\/","url":"https:\/\/aswal.ca\/cart\/","name":"Cart | ASWAL","isPartOf":{"@id":"https:\/\/aswal.ca\/#website"},"primaryImageOfPage":{"@id":"https:\/\/aswal.ca\/cart\/#primaryimage"},"image":{"@id":"https:\/\/aswal.ca\/cart\/#primaryimage"},"thumbnailUrl":"https:\/\/aswal.ca\/wp-content\/uploads\/2025\/09\/Coffee-lid-aswal@1.5x-e1756920553296-300x300.png","datePublished":"2025-09-02T17:22:57+00:00","dateModified":"2025-09-18T16:34:32+00:00","breadcrumb":{"@id":"https:\/\/aswal.ca\/cart\/#breadcrumb"},"inLanguage":"en-US","potentialAction":[{"@type":"ReadAction","target":["https:\/\/aswal.ca\/cart\/"]}]},{"@type":"ImageObject","inLanguage":"en-US","@id":"https:\/\/aswal.ca\/cart\/#primaryimage","url":"https:\/\/aswal.ca\/wp-content\/uploads\/2025\/09\/Coffee-lid-aswal@1.5x-e1756920553296-300x300.png","contentUrl":"https:\/\/aswal.ca\/wp-content\/uploads\/2025\/09\/Coffee-lid-aswal@1.5x-e1756920553296-300x300.png"},{"@type":"BreadcrumbList","@id":"https:\/\/aswal.ca\/cart\/#breadcrumb","itemListElement":[{"@type":"ListItem","position":1,"name":"Home","item":"https:\/\/aswal.ca\/"},{"@type":"ListItem","position":2,"name":"Cart"}]},{"@type":"WebSite","@id":"https:\/\/aswal.ca\/#website","url":"https:\/\/aswal.ca\/","name":"ASWAL","description":"Verres en papier canadiens","publisher":{"@id":"https:\/\/aswal.ca\/#organization"},"potentialAction":[{"@type":"SearchAction","target":{"@type":"EntryPoint","urlTemplate":"https:\/\/aswal.ca\/?s={search_term_string}"},"query-input":{"@type":"PropertyValueSpecification","valueRequired":true,"valueName":"search_term_string"}}],"inLanguage":"en-US"},{"@type":"Organization","@id":"https:\/\/aswal.ca\/#organization","name":"ASWAL","url":"https:\/\/aswal.ca\/","logo":{"@type":"ImageObject","inLanguage":"en-US","@id":"https:\/\/aswal.ca\/#\/schema\/logo\/image\/","url":"https:\/\/aswal.ca\/wp-content\/uploads\/2025\/09\/logo-aswal-registered.svg","contentUrl":"https:\/\/aswal.ca\/wp-content\/uploads\/2025\/09\/logo-aswal-registered.svg","width":594,"height":396,"caption":"ASWAL"},"image":{"@id":"https:\/\/aswal.ca\/#\/schema\/logo\/image\/"}}]}},"_links":{"self":[{"href":"https:\/\/aswal.ca\/en\/wp-json\/wp\/v2\/pages\/83","targetHints":{"allow":["GET"]}}],"collection":[{"href":"https:\/\/aswal.ca\/en\/wp-json\/wp\/v2\/pages"}],"about":[{"href":"https:\/\/aswal.ca\/en\/wp-json\/wp\/v2\/types\/page"}],"author":[{"embeddable":true,"href":"https:\/\/aswal.ca\/en\/wp-json\/wp\/v2\/users\/2"}],"replies":[{"embeddable":true,"href":"https:\/\/aswal.ca\/en\/wp-json\/wp\/v2\/comments?post=83"}],"version-history":[{"count":0,"href":"https:\/\/aswal.ca\/en\/wp-json\/wp\/v2\/pages\/83\/revisions"}],"wp:attachment":[{"href":"https:\/\/aswal.ca\/en\/wp-json\/wp\/v2\/media?parent=83"}],"curies":[{"name":"wp","href":"https:\/\/api.w.org\/{rel}","templated":true}]}}