{"id":528,"date":"2025-09-05T14:43:08","date_gmt":"2025-09-05T14:43:08","guid":{"rendered":"https:\/\/aswal.devbob.co\/?page_id=528"},"modified":"2025-12-24T08:43:03","modified_gmt":"2025-12-24T08:43:03","slug":"contact","status":"publish","type":"page","link":"https:\/\/aswal.ca\/en\/contact\/","title":{"rendered":"Contact"},"content":{"rendered":"<div data-elementor-type=\"wp-page\" data-elementor-id=\"528\" class=\"elementor elementor-528\" data-elementor-post-type=\"page\">\n\t\t\t\t<div class=\"elementor-element elementor-element-bb9d64a e-flex e-con-boxed e-con e-parent\" data-id=\"bb9d64a\" data-element_type=\"container\">\n\t\t\t\t\t<div class=\"e-con-inner\">\n\t\t<div class=\"elementor-element elementor-element-f6de7f5 e-con-full e-flex e-con e-child\" data-id=\"f6de7f5\" data-element_type=\"container\" data-settings=\"{&quot;background_background&quot;:&quot;classic&quot;}\">\n\t\t\t\t<div class=\"elementor-element elementor-element-421c761 elementor-widget elementor-widget-eael-breadcrumbs\" data-id=\"421c761\" data-element_type=\"widget\" data-widget_type=\"eael-breadcrumbs.default\">\n\t\t\t\t<div class=\"elementor-widget-container\">\n\t\t\t\t\t\t\t<div class=\"eael-breadcrumbs\">\n\t\t\t<div class=\"eael-breadcrumbs__content\"><a href=\"https:\/\/aswal.ca\/en\">Home<\/a> <span class=\"eael-breadcrumb-separator\">\/<\/span> <span class = \"eael-current\">Page<\/span><\/div>\t\t<\/div>\n\t\t\t\t\t\t<\/div>\n\t\t\t\t<\/div>\n\t\t\t\t<div class=\"elementor-element elementor-element-6e7b0bb elementor-widget__width-initial elementor-widget-mobile__width-inherit elementor-widget elementor-widget-heading\" data-id=\"6e7b0bb\" data-element_type=\"widget\" data-widget_type=\"heading.default\">\n\t\t\t\t\t<h2 class=\"elementor-heading-title elementor-size-default\">Contact Us<\/h2>\t\t\t\t<\/div>\n\t\t\t\t<\/div>\n\t\t\t\t\t<\/div>\n\t\t\t\t<\/div>\n\t\t<div class=\"elementor-element elementor-element-b92e425 e-flex e-con-boxed e-con e-parent\" data-id=\"b92e425\" data-element_type=\"container\">\n\t\t\t\t\t<div class=\"e-con-inner\">\n\t\t<div class=\"elementor-element elementor-element-3e2c441 e-con-full e-flex e-con e-child\" data-id=\"3e2c441\" data-element_type=\"container\">\n\t\t\t\t<div class=\"elementor-element elementor-element-ea3d7a6 elementor-hidden-mobile animated-slow elementor-widget__width-auto elementor-invisible elementor-widget elementor-widget-heading\" data-id=\"ea3d7a6\" data-element_type=\"widget\" data-settings=\"{&quot;_animation&quot;:&quot;fadeIn&quot;,&quot;_animation_delay&quot;:900}\" data-widget_type=\"heading.default\">\n\t\t\t\t\t<h2 class=\"elementor-heading-title elementor-size-default\">Contact Us<\/h2>\t\t\t\t<\/div>\n\t\t\t\t<div class=\"elementor-element elementor-element-5930f13 eael-dual-header-content-align-left eael-dual-header-content-mobile-align-center elementor-widget elementor-widget-eael-dual-color-header\" data-id=\"5930f13\" data-element_type=\"widget\" data-widget_type=\"eael-dual-color-header.default\">\n\t\t\t\t\t\t\t\t<div class=\"eael-dual-header\">\n\t\t\t\t<h2 class=\"title eael-dch-title\"><span class=\"eael-dch-title-text eael-dch-title-lead lead solid-color\">Our team is here \nto help<\/span> <span class=\"eael-dch-title-text\"><\/span><\/h2>\t\t\t\t\t<span class=\"subtext\"><p>Fill out this form and our team will get back to you as soon as possible to discuss your project.<\/p><\/span>\n\t\t\t\t\t\t\t<\/div>\n\n\t\t\t\t\t\t<\/div>\n\t\t\t\t<div class=\"elementor-element elementor-element-da7b242 elementor-widget elementor-widget-text-editor\" data-id=\"da7b242\" data-element_type=\"widget\" data-widget_type=\"text-editor.default\">\n\t\t\t\t\t\t\t\t\t<p>Or reach out to us directly by phone or email.<\/p>\t\t\t\t\t\t\t\t<\/div>\n\t\t<div class=\"elementor-element elementor-element-75d58cf e-con-full e-flex e-con e-child\" data-id=\"75d58cf\" data-element_type=\"container\">\n\t\t\t\t<div class=\"elementor-element elementor-element-65a37b0 elementor-position-left elementor-vertical-align-top elementor-widget elementor-widget-image-box\" data-id=\"65a37b0\" data-element_type=\"widget\" data-widget_type=\"image-box.default\">\n\t\t\t\t\t<div class=\"elementor-image-box-wrapper\"><figure class=\"elementor-image-box-img\"><img fetchpriority=\"high\" decoding=\"async\" width=\"666\" height=\"666\" src=\"https:\/\/aswal.ca\/wp-content\/uploads\/2025\/09\/4phone.svg\" class=\"attachment-full size-full wp-image-1468 wvs-archive-product-image\" alt=\"\" \/><\/figure><div class=\"elementor-image-box-content\"><h3 class=\"elementor-image-box-title\">Customer Service<\/h3><p class=\"elementor-image-box-description\">  &nbsp;&nbsp;&nbsp;&nbsp;<a>514-308 0101<\/a><br><a> 1 844-308 0101<\/a>\n<\/p><\/div><\/div>\t\t\t\t<\/div>\n\t\t\t\t<div class=\"elementor-element elementor-element-ddcde02 elementor-position-left elementor-vertical-align-top elementor-widget elementor-widget-image-box\" data-id=\"ddcde02\" data-element_type=\"widget\" data-widget_type=\"image-box.default\">\n\t\t\t\t\t<div class=\"elementor-image-box-wrapper\"><figure class=\"elementor-image-box-img\"><img decoding=\"async\" width=\"666\" height=\"666\" src=\"https:\/\/aswal.ca\/wp-content\/uploads\/2025\/09\/3email.svg\" class=\"attachment-full size-full wp-image-1457 wvs-archive-product-image\" alt=\"\" \/><\/figure><div class=\"elementor-image-box-content\"><h3 class=\"elementor-image-box-title\">Information<\/h3><p class=\"elementor-image-box-description\"><a href=\"\/en\/infos@aswal.ca\/\">infos@aswal.ca<\/a><\/p><\/div><\/div>\t\t\t\t<\/div>\n\t\t\t\t<div class=\"elementor-element elementor-element-349be77 elementor-position-left elementor-vertical-align-top elementor-widget elementor-widget-image-box\" data-id=\"349be77\" data-element_type=\"widget\" data-widget_type=\"image-box.default\">\n\t\t\t\t\t<div class=\"elementor-image-box-wrapper\"><figure class=\"elementor-image-box-img\"><img decoding=\"async\" width=\"666\" height=\"666\" src=\"https:\/\/aswal.ca\/wp-content\/uploads\/2025\/09\/3location.svg\" class=\"attachment-full size-full wp-image-1461 wvs-archive-product-image\" alt=\"\" \/><\/figure><div class=\"elementor-image-box-content\"><h3 class=\"elementor-image-box-title\">Our Factory<\/h3><p class=\"elementor-image-box-description\">104 - 9475, rue Meilleur<br>Montr\u00e9al, (Qu\u00e9bec) H2N 2C5 - Canada<\/p><\/div><\/div>\t\t\t\t<\/div>\n\t\t\t\t<div class=\"elementor-element elementor-element-4b5f946 elementor-widget elementor-widget-heading\" data-id=\"4b5f946\" data-element_type=\"widget\" data-widget_type=\"heading.default\">\n\t\t\t\t\t<h2 class=\"elementor-heading-title elementor-size-default\">Social Media<\/h2>\t\t\t\t<\/div>\n\t\t\t\t<div class=\"elementor-element elementor-element-9fd8ac0 elementor-icon-list--layout-inline elementor-list-item-link-full_width elementor-widget elementor-widget-icon-list\" data-id=\"9fd8ac0\" data-element_type=\"widget\" data-widget_type=\"icon-list.default\">\n\t\t\t\t\t\t\t<ul class=\"elementor-icon-list-items elementor-inline-items\">\n\t\t\t\t\t\t\t<li class=\"elementor-icon-list-item elementor-inline-item\">\n\t\t\t\t\t\t\t\t\t\t\t<a href=\"https:\/\/www.facebook.com\/profile.php?id=61580755232123\" target=\"_blank\">\n\n\t\t\t\t\t\t\t\t\t\t\t\t<span class=\"elementor-icon-list-icon\">\n\t\t\t\t\t\t\t<svg xmlns=\"http:\/\/www.w3.org\/2000\/svg\" id=\"Layer_1\" data-name=\"Layer 1\" viewbox=\"0 0 666 663\"><defs><style>      .cls-1 {        fill: #0033a1;        stroke-width: 0px;      }    <\/style><\/defs><g id=\"SVGRepo_iconCarrier\" data-name=\"SVGRepo iconCarrier\"><path class=\"cls-1\" d=\"M333,0C149.85,0,0,149.44,0,333.5c0,166.42,121.88,304.54,281.05,329.5v-232.98h-84.58v-96.52h84.58v-73.56c0-83.54,49.62-129.47,125.87-129.47,36.3,0,74.26,6.32,74.26,6.32v82.21h-41.96c-41.29,0-54.28,25.63-54.28,51.92v62.57h92.57l-14.98,96.52h-77.59v232.98c78.47-12.39,149.92-52.4,201.46-112.83,51.54-60.42,79.77-137.27,79.59-216.67C666,149.44,516.15,0,333,0Z\"><\/path><\/g><\/svg>\t\t\t\t\t\t<\/span>\n\t\t\t\t\t\t\t\t\t\t<span class=\"elementor-icon-list-text\"><\/span>\n\t\t\t\t\t\t\t\t\t\t\t<\/a>\n\t\t\t\t\t\t\t\t\t<\/li>\n\t\t\t\t\t\t\t\t<li class=\"elementor-icon-list-item elementor-inline-item\">\n\t\t\t\t\t\t\t\t\t\t\t<a href=\"https:\/\/www.instagram.com\/aswal_gobelet\/\" target=\"_blank\">\n\n\t\t\t\t\t\t\t\t\t\t\t\t<span class=\"elementor-icon-list-icon\">\n\t\t\t\t\t\t\t<svg xmlns=\"http:\/\/www.w3.org\/2000\/svg\" id=\"Layer_1\" data-name=\"Layer 1\" viewbox=\"0 0 666 666\"><defs><style>      .cls-1 {        fill: #0033a1;        stroke-width: 0px;      }    <\/style><\/defs><path class=\"cls-1\" d=\"M468.21,230.71c-5.84-15.13-17.81-27.09-32.95-32.92-10.31-3.82-21.2-5.84-32.19-5.97-18.28-.83-23.76-1.04-70.07-1.04s-51.79.21-70.07,1.04c-11,.13-21.9,2.14-32.22,5.97-15.13,5.84-27.09,17.81-32.92,32.95-3.82,10.31-5.84,21.2-5.97,32.19-.83,18.28-1.04,23.76-1.04,70.07s.21,51.79,1.04,70.07c.13,11,2.14,21.9,5.97,32.22,5.84,15.13,17.81,27.09,32.95,32.92,10.31,3.82,21.2,5.84,32.19,5.97,18.28.83,23.76,1.01,70.07,1.01s51.79-.17,70.07-1.04c11-.11,21.9-2.12,32.22-5.93,15.13-5.84,27.09-17.81,32.92-32.95,3.82-10.31,5.84-21.2,5.97-32.19.83-18.28,1.01-23.76,1.01-70.07s-.17-51.79-1.04-70.07c-.11-11-2.12-21.9-5.93-32.22h0ZM333,422.08c-49.2,0-89.08-39.88-89.08-89.08s39.88-89.08,89.08-89.08,89.08,39.88,89.08,89.08h0c0,49.2-39.88,89.08-89.08,89.08ZM425.58,261.23c-11.49,0-20.81-9.32-20.81-20.81s9.32-20.81,20.81-20.81c11.49,0,20.81,9.32,20.81,20.81s-9.32,20.81-20.81,20.81h0ZM390.82,333c0,31.94-25.89,57.82-57.82,57.82s-57.82-25.89-57.82-57.82,25.89-57.82,57.82-57.82,57.82,25.89,57.82,57.82h0ZM333,0C149.09,0,0,149.09,0,333s149.09,333,333,333,333-149.09,333-333S516.91,0,333,0h0ZM505.4,404.49c-.29,14.39-3.03,28.63-8.08,42.11-9.01,23.29-27.42,41.71-50.71,50.71-13.47,5.05-27.69,7.78-42.08,8.08-18.52.83-24.42,1.04-71.53,1.04s-53-.21-71.53-1.04c-14.38-.3-28.61-3.03-42.08-8.08-23.29-9.01-41.71-27.42-50.71-50.71-5.05-13.47-7.78-27.69-8.08-42.08-.83-18.52-1.04-24.42-1.04-71.53s.21-53,1.04-71.53c.29-14.38,3.01-28.61,8.05-42.08,9.01-23.31,27.44-41.74,50.75-50.75,13.47-5.04,27.7-7.76,42.08-8.05,18.52-.83,24.42-1.04,71.53-1.04s53,.21,71.53,1.04c14.38.29,28.61,3.01,42.08,8.05,23.3,9.02,41.71,27.44,50.71,50.75,5.05,13.47,7.78,27.69,8.08,42.08.83,18.52,1.04,24.42,1.04,71.53s-.21,53-1.04,71.53v-.03Z\"><\/path><\/svg>\t\t\t\t\t\t<\/span>\n\t\t\t\t\t\t\t\t\t\t<span class=\"elementor-icon-list-text\"><\/span>\n\t\t\t\t\t\t\t\t\t\t\t<\/a>\n\t\t\t\t\t\t\t\t\t<\/li>\n\t\t\t\t\t\t\t\t<li class=\"elementor-icon-list-item elementor-inline-item\">\n\t\t\t\t\t\t\t\t\t\t\t<a href=\"https:\/\/www.linkedin.com\/company\/les-emballages-aswal\/about\/\" target=\"_blank\">\n\n\t\t\t\t\t\t\t\t\t\t\t\t<span class=\"elementor-icon-list-icon\">\n\t\t\t\t\t\t\t<svg xmlns=\"http:\/\/www.w3.org\/2000\/svg\" id=\"Layer_1\" data-name=\"Layer 1\" viewbox=\"0 0 666 666\"><defs><style>      .cls-1 {        fill: #0033a1;        stroke-width: 0px;      }    <\/style><\/defs><path class=\"cls-1\" d=\"M333,0C149.07,0,0,149.07,0,333s149.07,333,333,333,333-149.07,333-333S516.93,0,333,0ZM239.86,472.31h-64.91v-207.73h64.91v207.73ZM205.65,238.56h-.52c-23.54,0-38.76-15.87-38.76-36.03s15.74-36.03,39.67-36.03,38.63,15.48,39.15,36.03c.13,20.03-15.09,36.03-39.54,36.03ZM499.5,472.31h-73.62v-107.44c0-28.1-11.45-47.35-36.81-47.35-19.38,0-30.18,13.01-35.12,25.5-1.82,4.42-1.56,10.67-1.56,17.04v112.26h-72.97s.91-190.43,0-207.73h72.97v32.65c4.29-14.31,27.58-34.6,64.78-34.6,46.18,0,82.34,29.92,82.34,94.18v115.51Z\"><\/path><\/svg>\t\t\t\t\t\t<\/span>\n\t\t\t\t\t\t\t\t\t\t<span class=\"elementor-icon-list-text\"><\/span>\n\t\t\t\t\t\t\t\t\t\t\t<\/a>\n\t\t\t\t\t\t\t\t\t<\/li>\n\t\t\t\t\t\t<\/ul>\n\t\t\t\t\t\t<\/div>\n\t\t\t\t<\/div>\n\t\t\t\t<\/div>\n\t\t<div class=\"elementor-element elementor-element-aa437b5 e-con-full e-flex e-con e-child\" data-id=\"aa437b5\" data-element_type=\"container\" data-settings=\"{&quot;background_background&quot;:&quot;classic&quot;}\">\n\t\t\t\t<div class=\"elementor-element elementor-element-864e9fb elementor-widget elementor-widget-heading\" data-id=\"864e9fb\" data-element_type=\"widget\" data-widget_type=\"heading.default\">\n\t\t\t\t\t<h2 class=\"elementor-heading-title elementor-size-default\">Send us a message<\/h2>\t\t\t\t<\/div>\n\t\t\t\t<div class=\"elementor-element elementor-element-e531fbc elementor-button-align-stretch elementor-widget elementor-widget-form\" data-id=\"e531fbc\" data-element_type=\"widget\" data-settings=\"{&quot;step_next_label&quot;:&quot;Next&quot;,&quot;step_previous_label&quot;:&quot;Previous&quot;,&quot;button_width&quot;:&quot;100&quot;,&quot;step_type&quot;:&quot;number_text&quot;,&quot;step_icon_shape&quot;:&quot;circle&quot;}\" data-widget_type=\"form.default\">\n\t\t\t\t\t\t\t<form class=\"elementor-form\" method=\"post\" name=\"New Form\" aria-label=\"New Form\" action=\"\">\n\t\t\t<input type=\"hidden\" name=\"post_id\" value=\"528\"\/>\n\t\t\t<input type=\"hidden\" name=\"form_id\" value=\"e531fbc\"\/>\n\t\t\t<input type=\"hidden\" name=\"referer_title\" value=\"Contact | ASWAL\" \/>\n\n\t\t\t\t\t\t\t<input type=\"hidden\" name=\"queried_id\" value=\"528\"\/>\n\t\t\t\n\t\t\t<div class=\"elementor-form-fields-wrapper elementor-labels-above\">\n\t\t\t\t\t\t\t\t<div class=\"elementor-field-type-text elementor-field-group elementor-column elementor-field-group-name elementor-col-100 elementor-field-required elementor-mark-required\">\n\t\t\t\t\t\t\t\t\t\t\t\t<label for=\"form-field-name\" class=\"elementor-field-label\">\n\t\t\t\t\t\t\t\tName\t\t\t\t\t\t\t<\/label>\n\t\t\t\t\t\t\t\t\t\t\t\t\t\t<input size=\"1\" type=\"text\" name=\"form_fields[name]\" id=\"form-field-name\" class=\"elementor-field elementor-size-sm  elementor-field-textual\" placeholder=\"Jean\" required=\"required\">\n\t\t\t\t\t\t\t\t\t\t\t<\/div>\n\t\t\t\t\t\t\t\t<div class=\"elementor-field-type-email elementor-field-group elementor-column elementor-field-group-email elementor-col-100 elementor-field-required elementor-mark-required\">\n\t\t\t\t\t\t\t\t\t\t\t\t<label for=\"form-field-email\" class=\"elementor-field-label\">\n\t\t\t\t\t\t\t\tEmail\t\t\t\t\t\t\t<\/label>\n\t\t\t\t\t\t\t\t\t\t\t\t\t\t<input size=\"1\" type=\"email\" name=\"form_fields[email]\" id=\"form-field-email\" class=\"elementor-field elementor-size-sm  elementor-field-textual\" placeholder=\"your.email@example.com\" required=\"required\">\n\t\t\t\t\t\t\t\t\t\t\t<\/div>\n\t\t\t\t\t\t\t\t<div class=\"elementor-field-type-tel elementor-field-group elementor-column elementor-field-group-telephone elementor-col-100\">\n\t\t\t\t\t\t\t\t\t\t\t\t<label for=\"form-field-telephone\" class=\"elementor-field-label\">\n\t\t\t\t\t\t\t\tPhone number (optional)\t\t\t\t\t\t\t<\/label>\n\t\t\t\t\t\t\t\t<input size=\"1\" type=\"tel\" name=\"form_fields[telephone]\" id=\"form-field-telephone\" class=\"elementor-field elementor-size-sm  elementor-field-textual\" placeholder=\"(450) 555-5555\" pattern=\"[0-9()#&amp;+*-=.]+\" title=\"Only numbers and phone characters (#, -, *, etc) are accepted.\">\n\n\t\t\t\t\t\t<\/div>\n\t\t\t\t\t\t\t\t<div class=\"elementor-field-type-email elementor-field-group elementor-column elementor-field-group-field_2ffb75c elementor-col-100\">\n\t\t\t\t\t\t\t\t\t\t\t\t<label for=\"form-field-field_2ffb75c\" class=\"elementor-field-label\">\n\t\t\t\t\t\t\t\tCompany name (optional)\t\t\t\t\t\t\t<\/label>\n\t\t\t\t\t\t\t\t\t\t\t\t\t\t<input size=\"1\" type=\"email\" name=\"form_fields[field_2ffb75c]\" id=\"form-field-field_2ffb75c\" class=\"elementor-field elementor-size-sm  elementor-field-textual\" placeholder=\"Your Company Inc.\">\n\t\t\t\t\t\t\t\t\t\t\t<\/div>\n\t\t\t\t\t\t\t\t<div class=\"elementor-field-type-textarea elementor-field-group elementor-column elementor-field-group-message elementor-col-100\">\n\t\t\t\t\t\t\t\t\t\t\t\t<label for=\"form-field-message\" class=\"elementor-field-label\">\n\t\t\t\t\t\t\t\tMessage\t\t\t\t\t\t\t<\/label>\n\t\t\t\t\t\t<textarea class=\"elementor-field-textual elementor-field  elementor-size-sm\" name=\"form_fields[message]\" id=\"form-field-message\" rows=\"4\" placeholder=\"Write your message here...\"><\/textarea>\t\t\t\t<\/div>\n\t\t\t\t\t\t\t\t<div class=\"elementor-field-group elementor-column elementor-field-type-submit elementor-col-100 e-form__buttons\">\n\t\t\t\t\t<button class=\"elementor-button elementor-size-sm\" type=\"submit\">\n\t\t\t\t\t\t<span class=\"elementor-button-content-wrapper\">\n\t\t\t\t\t\t\t\t\t\t\t\t\t\t\t\t\t\t\t\t\t\t<span class=\"elementor-button-text\">Envoyer<\/span>\n\t\t\t\t\t\t\t\t\t\t\t\t\t<\/span>\n\t\t\t\t\t<\/button>\n\t\t\t\t<\/div>\n\t\t\t<\/div>\n\t\t<input type=\"hidden\" name=\"trp-form-language\" value=\"en\"\/><\/form>\n\t\t\t\t\t\t<\/div>\n\t\t\t\t<\/div>\n\t\t\t\t\t<\/div>\n\t\t\t\t<\/div>\n\t\t\t\t<\/div>","protected":false},"excerpt":{"rendered":"<p>Accueil \/ Page Contactez nous Contactez-nous Notre \u00e9quipe est l\u00e0 pour vous aider Remplissez ce formulaire et notre \u00e9quipe vous r\u00e9pondra dans les plus brefs d\u00e9lais pour discuter de votre projet. Ou contactez-nous directement par t\u00e9l\u00e9phone ou courriel. Service \u00e0 la client\u00e8le &nbsp;&nbsp;&nbsp;&nbsp;514-308 0101 1 844-308 0101 Informations infos@aswal.ca Notre usine 104 &#8211; 9475, rue [&hellip;]<\/p>","protected":false},"author":2,"featured_media":0,"parent":0,"menu_order":0,"comment_status":"closed","ping_status":"closed","template":"","meta":{"footnotes":""},"class_list":["post-528","page","type-page","status-publish","hentry"],"yoast_head":"<!-- This site is optimized with the Yoast SEO plugin v25.9 - https:\/\/yoast.com\/wordpress\/plugins\/seo\/ -->\n<title>Contact | ASWAL<\/title>\n<meta name=\"robots\" content=\"index, follow, max-snippet:-1, max-image-preview:large, max-video-preview:-1\" \/>\n<link rel=\"canonical\" href=\"https:\/\/aswal.ca\/en\/contact\/\" \/>\n<meta property=\"og:locale\" content=\"en_US\" \/>\n<meta property=\"og:type\" content=\"article\" \/>\n<meta property=\"og:title\" content=\"Contact | ASWAL\" \/>\n<meta property=\"og:description\" content=\"Accueil \/ Page Contactez nous Contactez-nous Notre \u00e9quipe est l\u00e0 pour vous aider Remplissez ce formulaire et notre \u00e9quipe vous r\u00e9pondra dans les plus brefs d\u00e9lais pour discuter de votre projet. Ou contactez-nous directement par t\u00e9l\u00e9phone ou courriel. Service \u00e0 la client\u00e8le &nbsp;&nbsp;&nbsp;&nbsp;514-308 0101 1 844-308 0101 Informations infos@aswal.ca Notre usine 104 &#8211; 9475, rue [&hellip;]\" \/>\n<meta property=\"og:url\" content=\"https:\/\/aswal.ca\/en\/contact\/\" \/>\n<meta property=\"og:site_name\" content=\"ASWAL\" \/>\n<meta property=\"article:modified_time\" content=\"2025-12-24T08:43:03+00:00\" \/>\n<meta property=\"og:image\" content=\"https:\/\/aswal.ca\/wp-content\/uploads\/2025\/09\/aswal-1.png\" \/>\n\t<meta property=\"og:image:width\" content=\"728\" \/>\n\t<meta property=\"og:image:height\" content=\"880\" \/>\n\t<meta property=\"og:image:type\" content=\"image\/png\" \/>\n<meta name=\"twitter:card\" content=\"summary_large_image\" \/>\n<meta name=\"twitter:label1\" content=\"Est. reading time\" \/>\n\t<meta name=\"twitter:data1\" content=\"1 minute\" \/>\n<script type=\"application\/ld+json\" class=\"yoast-schema-graph\">{\"@context\":\"https:\/\/schema.org\",\"@graph\":[{\"@type\":\"WebPage\",\"@id\":\"https:\/\/aswal.ca\/contact\/\",\"url\":\"https:\/\/aswal.ca\/contact\/\",\"name\":\"Contact | ASWAL\",\"isPartOf\":{\"@id\":\"https:\/\/aswal.ca\/#website\"},\"primaryImageOfPage\":{\"@id\":\"https:\/\/aswal.ca\/contact\/#primaryimage\"},\"image\":{\"@id\":\"https:\/\/aswal.ca\/contact\/#primaryimage\"},\"thumbnailUrl\":\"https:\/\/aswal.ca\/wp-content\/uploads\/2025\/09\/4phone.svg\",\"datePublished\":\"2025-09-05T14:43:08+00:00\",\"dateModified\":\"2025-12-24T08:43:03+00:00\",\"breadcrumb\":{\"@id\":\"https:\/\/aswal.ca\/contact\/#breadcrumb\"},\"inLanguage\":\"en-US\",\"potentialAction\":[{\"@type\":\"ReadAction\",\"target\":[\"https:\/\/aswal.ca\/contact\/\"]}]},{\"@type\":\"ImageObject\",\"inLanguage\":\"en-US\",\"@id\":\"https:\/\/aswal.ca\/contact\/#primaryimage\",\"url\":\"https:\/\/aswal.ca\/wp-content\/uploads\/2025\/09\/4phone.svg\",\"contentUrl\":\"https:\/\/aswal.ca\/wp-content\/uploads\/2025\/09\/4phone.svg\"},{\"@type\":\"BreadcrumbList\",\"@id\":\"https:\/\/aswal.ca\/contact\/#breadcrumb\",\"itemListElement\":[{\"@type\":\"ListItem\",\"position\":1,\"name\":\"Home\",\"item\":\"https:\/\/aswal.ca\/\"},{\"@type\":\"ListItem\",\"position\":2,\"name\":\"Contact\"}]},{\"@type\":\"WebSite\",\"@id\":\"https:\/\/aswal.ca\/#website\",\"url\":\"https:\/\/aswal.ca\/\",\"name\":\"ASWAL\",\"description\":\"Verres en papier canadiens\",\"publisher\":{\"@id\":\"https:\/\/aswal.ca\/#organization\"},\"potentialAction\":[{\"@type\":\"SearchAction\",\"target\":{\"@type\":\"EntryPoint\",\"urlTemplate\":\"https:\/\/aswal.ca\/?s={search_term_string}\"},\"query-input\":{\"@type\":\"PropertyValueSpecification\",\"valueRequired\":true,\"valueName\":\"search_term_string\"}}],\"inLanguage\":\"en-US\"},{\"@type\":\"Organization\",\"@id\":\"https:\/\/aswal.ca\/#organization\",\"name\":\"ASWAL\",\"url\":\"https:\/\/aswal.ca\/\",\"logo\":{\"@type\":\"ImageObject\",\"inLanguage\":\"en-US\",\"@id\":\"https:\/\/aswal.ca\/#\/schema\/logo\/image\/\",\"url\":\"https:\/\/aswal.ca\/wp-content\/uploads\/2025\/09\/logo-aswal-registered.svg\",\"contentUrl\":\"https:\/\/aswal.ca\/wp-content\/uploads\/2025\/09\/logo-aswal-registered.svg\",\"width\":594,\"height\":396,\"caption\":\"ASWAL\"},\"image\":{\"@id\":\"https:\/\/aswal.ca\/#\/schema\/logo\/image\/\"}}]}<\/script>\n<!-- \/ Yoast SEO plugin. -->","yoast_head_json":{"title":"Contact | ASWAL","robots":{"index":"index","follow":"follow","max-snippet":"max-snippet:-1","max-image-preview":"max-image-preview:large","max-video-preview":"max-video-preview:-1"},"canonical":"https:\/\/aswal.ca\/en\/contact\/","og_locale":"en_US","og_type":"article","og_title":"Contact | ASWAL","og_description":"Accueil \/ Page Contactez nous Contactez-nous Notre \u00e9quipe est l\u00e0 pour vous aider Remplissez ce formulaire et notre \u00e9quipe vous r\u00e9pondra dans les plus brefs d\u00e9lais pour discuter de votre projet. Ou contactez-nous directement par t\u00e9l\u00e9phone ou courriel. Service \u00e0 la client\u00e8le &nbsp;&nbsp;&nbsp;&nbsp;514-308 0101 1 844-308 0101 Informations infos@aswal.ca Notre usine 104 &#8211; 9475, rue [&hellip;]","og_url":"https:\/\/aswal.ca\/en\/contact\/","og_site_name":"ASWAL","article_modified_time":"2025-12-24T08:43:03+00:00","og_image":[{"width":728,"height":880,"url":"https:\/\/aswal.ca\/wp-content\/uploads\/2025\/09\/aswal-1.png","type":"image\/png"}],"twitter_card":"summary_large_image","twitter_misc":{"Est. reading time":"1 minute"},"schema":{"@context":"https:\/\/schema.org","@graph":[{"@type":"WebPage","@id":"https:\/\/aswal.ca\/contact\/","url":"https:\/\/aswal.ca\/contact\/","name":"Contact | ASWAL","isPartOf":{"@id":"https:\/\/aswal.ca\/#website"},"primaryImageOfPage":{"@id":"https:\/\/aswal.ca\/contact\/#primaryimage"},"image":{"@id":"https:\/\/aswal.ca\/contact\/#primaryimage"},"thumbnailUrl":"https:\/\/aswal.ca\/wp-content\/uploads\/2025\/09\/4phone.svg","datePublished":"2025-09-05T14:43:08+00:00","dateModified":"2025-12-24T08:43:03+00:00","breadcrumb":{"@id":"https:\/\/aswal.ca\/contact\/#breadcrumb"},"inLanguage":"en-US","potentialAction":[{"@type":"ReadAction","target":["https:\/\/aswal.ca\/contact\/"]}]},{"@type":"ImageObject","inLanguage":"en-US","@id":"https:\/\/aswal.ca\/contact\/#primaryimage","url":"https:\/\/aswal.ca\/wp-content\/uploads\/2025\/09\/4phone.svg","contentUrl":"https:\/\/aswal.ca\/wp-content\/uploads\/2025\/09\/4phone.svg"},{"@type":"BreadcrumbList","@id":"https:\/\/aswal.ca\/contact\/#breadcrumb","itemListElement":[{"@type":"ListItem","position":1,"name":"Home","item":"https:\/\/aswal.ca\/"},{"@type":"ListItem","position":2,"name":"Contact"}]},{"@type":"WebSite","@id":"https:\/\/aswal.ca\/#website","url":"https:\/\/aswal.ca\/","name":"ASWAL","description":"Verres en papier canadiens","publisher":{"@id":"https:\/\/aswal.ca\/#organization"},"potentialAction":[{"@type":"SearchAction","target":{"@type":"EntryPoint","urlTemplate":"https:\/\/aswal.ca\/?s={search_term_string}"},"query-input":{"@type":"PropertyValueSpecification","valueRequired":true,"valueName":"search_term_string"}}],"inLanguage":"en-US"},{"@type":"Organization","@id":"https:\/\/aswal.ca\/#organization","name":"ASWAL","url":"https:\/\/aswal.ca\/","logo":{"@type":"ImageObject","inLanguage":"en-US","@id":"https:\/\/aswal.ca\/#\/schema\/logo\/image\/","url":"https:\/\/aswal.ca\/wp-content\/uploads\/2025\/09\/logo-aswal-registered.svg","contentUrl":"https:\/\/aswal.ca\/wp-content\/uploads\/2025\/09\/logo-aswal-registered.svg","width":594,"height":396,"caption":"ASWAL"},"image":{"@id":"https:\/\/aswal.ca\/#\/schema\/logo\/image\/"}}]}},"_links":{"self":[{"href":"https:\/\/aswal.ca\/en\/wp-json\/wp\/v2\/pages\/528","targetHints":{"allow":["GET"]}}],"collection":[{"href":"https:\/\/aswal.ca\/en\/wp-json\/wp\/v2\/pages"}],"about":[{"href":"https:\/\/aswal.ca\/en\/wp-json\/wp\/v2\/types\/page"}],"author":[{"embeddable":true,"href":"https:\/\/aswal.ca\/en\/wp-json\/wp\/v2\/users\/2"}],"replies":[{"embeddable":true,"href":"https:\/\/aswal.ca\/en\/wp-json\/wp\/v2\/comments?post=528"}],"version-history":[{"count":0,"href":"https:\/\/aswal.ca\/en\/wp-json\/wp\/v2\/pages\/528\/revisions"}],"wp:attachment":[{"href":"https:\/\/aswal.ca\/en\/wp-json\/wp\/v2\/media?parent=528"}],"curies":[{"name":"wp","href":"https:\/\/api.w.org\/{rel}","templated":true}]}}